{"id":2757,"date":"2014-09-30T08:46:10","date_gmt":"2014-09-30T08:46:10","guid":{"rendered":"https:\/\/academiadefarmaciadegalicia.gal\/la-institucion\/"},"modified":"2020-03-31T13:18:55","modified_gmt":"2020-03-31T11:18:55","slug":"institucion","status":"publish","type":"page","link":"https:\/\/academiadefarmaciadegalicia.gal\/es\/institucion\/","title":{"rendered":"Instituci\u00f3n"},"content":{"rendered":"[vz_tabs][vz_tab title=\u00bb<strong>Antecedentes Funcionales<\/strong>\u00ab]\n<div class=\"pull-left\">\n<p><strong class=\"ptitle\">Antecedentes fundacionales<\/strong><\/p>\n<p><a href=\"https:\/\/academiadefarmaciadegalicia.gal\/wp-content\/uploads\/2017\/04\/ANTECEDENTES-FUNDACIONALES-1.pdf\">Discurso pronunciado el d\u00eda 22 de febrero de 2006 por el Doctor Jes\u00fas Izco Sevillano, Primer Presidente, con motivo de la presentaci\u00f3n p\u00fablica de la Academia de Farmacia de Galicia<\/a><\/p>\n<div style=\"font-size: 8pt;\"><\/div>\n<\/div>\n[\/vz_tab][vz_tab title=\u00bb<strong>Creacion<\/strong>\u00ab]\n<div class=\"pull-left\">\n<p><strong class=\"ptitle\">Creaci\u00f3n<\/strong><\/p>\n<p>XUNTA DE GALICIA-Conseller\u00eda da Presidencia, Relaci\u00f3ns Institucionais e Administraci\u00f3n P\u00fablica<\/p>\n<p><a href=\"https:\/\/academiadefarmaciadegalicia.gal\/wp-content\/uploads\/2014\/10\/Estatutos_Academia_Farmacia_Galicia.pdf\"><strong><em>Decreto 156\/2004, del 1 de julio, por el que se acuerda la creaci\u00f3n de la Academia de Farmacia de Galicia<\/em><\/strong><\/a><\/p>\n<p>Art\u00edculo 1\u00ba Se crea la Academia de Farmacia de Galicia que se regir\u00e1 por los estatutos que figuran como anexo a este decreto<\/p>\n<p>Art\u00edculo 2\u00ba La Academia de Farmacia de Galicia queda adscrita a la Conseller\u00eda de Sanidade<\/p>\n<div style=\"font-size: 8pt;\"><\/div>\n<div style=\"font-size: 8pt;\"><\/div>\n<\/div>\n[\/vz_tab][vz_tab title=\u00bb<strong>Fines<\/strong>\u00ab]Los fines de la Academia de Farmacia de Galicia son:<br \/>\n\u2013\u00bb El fomento de la investigaci\u00f3n y estudio de las ciencias farmac\u00e9uticas y de las ciencias relacionadas con la farmacia<br \/>\n\u2013\u00bb Asesoramiento a los \u00f3rganos p\u00fablicos oficiales en aquellos campos que le son propios<br \/>\n\u2013\u00bb Asesoramiento a las instituciones privadas que se lo solicitan, bajo las condiciones que la propia Academia estime convenientes<br \/>\n\u2013\u00bb Elaboraci\u00f3n de estados e informes sobre materias relacionadas con la profesi\u00f3n farmac\u00e9utica y sus actividades<br \/>\n\u2013\u00bb Fomento de las relaciones con otras instituciones an\u00e1logas<br \/>\n\u2013\u00bb Creaci\u00f3n y conservaci\u00f3n de fondos materiales y documentales relacionados con la docencia, la investigaci\u00f3n y la profesi\u00f3n farmac\u00e9utica<br \/>\n\u2013\u00bb Divulgaci\u00f3n cient\u00edfica y formaci\u00f3n permanente de los profesionales de la farmacia<br \/>\n\u2013\u00bb Reconocimiento mediante premios, diplomas o distinciones de las actividades que redunden en beneficio de la farmacia y de la propia Academia<br \/>\nArt\u00edculo 4\u00ba. Estatutos da Academia de Farmacia de Galicia. Decreto 156\/2004, do 1 de xullo, polo que se<br \/>\nacorda a creaci\u00f3n da Academia de Farmacia de Galicia[\/vz_tab][vz_tab title=\u00bbLema\u00bb]<img decoding=\"async\" src=\"https:\/\/academiadefarmaciadegalicia.gal\/wp-content\/uploads\/2014\/09\/lema.jpg\" align=\"left\">El Lema: \u201dFons Artis Sanandi\u201d<br \/>\nManantial de Profesionalidad Sanitaria.<br \/>\nRepresentado sobre un botamen de farmacia se reproduce en los diferentes escritos de esta instituci\u00f3n.[\/vz_tab][vz_tab title=\u00bb<strong>Medalla<\/strong>\u00ab]<img decoding=\"async\" src=\"https:\/\/academiadefarmaciadegalicia.gal\/wp-content\/uploads\/2014\/09\/medalla.jpg\" align=\"left\">[\/vz_tab][vz_tab title=\u00bbSede\u00bb]Sede (Artigo 2\u00ba Estatutos AFG)<br \/>\nLa Academia de Farmacia de Galicia tiene su sede en el Antigo Hospital de San Roque, r\u00faa San<br \/>\nRoque n\u00ba 2, Santiago de Compostela<br \/>\nAdscripci\u00f3n administrativa (Artigo 3\u00ba Estatutos AFG)<br \/>\nLa Academia de Farmacia de Galicia queda adscrita a la Conseller\u00eda de Sanidade de la Xunta de Galicia[\/vz_tab][\/vz_tabs]\n","protected":false},"excerpt":{"rendered":"<p>[vz_tabs][vz_tab title=\u00bbAntecedentes Funcionales\u00ab] Antecedentes fundacionales Discurso pronunciado el d\u00eda 22 de febrero de 2006 por el Doctor Jes\u00fas Izco Sevillano, Primer Presidente, con motivo de la presentaci\u00f3n p\u00fablica de la Academia de Farmacia de Galicia [\/vz_tab][vz_tab title=\u00bbCreacion\u00ab] Creaci\u00f3n XUNTA DE GALICIA-Conseller\u00eda da Presidencia, Relaci\u00f3ns Institucionais e Administraci\u00f3n P\u00fablica Decreto 156\/2004, del 1 de julio, por [&hellip;]<\/p>\n","protected":false},"author":1,"featured_media":0,"parent":0,"menu_order":0,"comment_status":"closed","ping_status":"closed","template":"","meta":{"footnotes":""},"class_list":["post-2757","page","type-page","status-publish"],"yoast_head":"<!-- This site is optimized with the Yoast SEO plugin v27.4 - https:\/\/yoast.com\/product\/yoast-seo-wordpress\/ -->\n<title>Instituci\u00f3n - Real Academia de Farmacia de Galicia<\/title>\n<meta name=\"robots\" content=\"index, follow, max-snippet:-1, max-image-preview:large, max-video-preview:-1\" \/>\n<link rel=\"canonical\" href=\"https:\/\/academiadefarmaciadegalicia.gal\/es\/institucion\/\" \/>\n<meta property=\"og:locale\" content=\"es_ES\" \/>\n<meta property=\"og:type\" content=\"article\" \/>\n<meta property=\"og:title\" content=\"Instituci\u00f3n - Real Academia de Farmacia de Galicia\" \/>\n<meta property=\"og:description\" content=\"[vz_tabs][vz_tab title=\u00bbAntecedentes Funcionales\u00ab] Antecedentes fundacionales Discurso pronunciado el d\u00eda 22 de febrero de 2006 por el Doctor Jes\u00fas Izco Sevillano, Primer Presidente, con motivo de la presentaci\u00f3n p\u00fablica de la Academia de Farmacia de Galicia [\/vz_tab][vz_tab title=\u00bbCreacion\u00ab] Creaci\u00f3n XUNTA DE GALICIA-Conseller\u00eda da Presidencia, Relaci\u00f3ns Institucionais e Administraci\u00f3n P\u00fablica Decreto 156\/2004, del 1 de julio, por [&hellip;]\" \/>\n<meta property=\"og:url\" content=\"https:\/\/academiadefarmaciadegalicia.gal\/es\/institucion\/\" \/>\n<meta property=\"og:site_name\" content=\"Real Academia de Farmacia de Galicia\" \/>\n<meta property=\"article:modified_time\" content=\"2020-03-31T11:18:55+00:00\" \/>\n<meta property=\"og:image\" content=\"https:\/\/academiadefarmaciadegalicia.gal\/wp-content\/uploads\/2014\/09\/lema.jpg\" \/>\n<meta name=\"twitter:card\" content=\"summary_large_image\" \/>\n<meta name=\"twitter:label1\" content=\"Tiempo de lectura\" \/>\n\t<meta name=\"twitter:data1\" content=\"2 minutos\" \/>\n<script type=\"application\/ld+json\" class=\"yoast-schema-graph\">{\"@context\":\"https:\\\/\\\/schema.org\",\"@graph\":[{\"@type\":\"WebPage\",\"@id\":\"https:\\\/\\\/academiadefarmaciadegalicia.gal\\\/es\\\/institucion\\\/\",\"url\":\"https:\\\/\\\/academiadefarmaciadegalicia.gal\\\/es\\\/institucion\\\/\",\"name\":\"Instituci\u00f3n - Real Academia de Farmacia de Galicia\",\"isPartOf\":{\"@id\":\"https:\\\/\\\/academiadefarmaciadegalicia.gal\\\/es\\\/#website\"},\"primaryImageOfPage\":{\"@id\":\"https:\\\/\\\/academiadefarmaciadegalicia.gal\\\/es\\\/institucion\\\/#primaryimage\"},\"image\":{\"@id\":\"https:\\\/\\\/academiadefarmaciadegalicia.gal\\\/es\\\/institucion\\\/#primaryimage\"},\"thumbnailUrl\":\"https:\\\/\\\/academiadefarmaciadegalicia.gal\\\/wp-content\\\/uploads\\\/2014\\\/09\\\/lema.jpg\",\"datePublished\":\"2014-09-30T08:46:10+00:00\",\"dateModified\":\"2020-03-31T11:18:55+00:00\",\"breadcrumb\":{\"@id\":\"https:\\\/\\\/academiadefarmaciadegalicia.gal\\\/es\\\/institucion\\\/#breadcrumb\"},\"inLanguage\":\"es\",\"potentialAction\":[{\"@type\":\"ReadAction\",\"target\":[\"https:\\\/\\\/academiadefarmaciadegalicia.gal\\\/es\\\/institucion\\\/\"]}]},{\"@type\":\"ImageObject\",\"inLanguage\":\"es\",\"@id\":\"https:\\\/\\\/academiadefarmaciadegalicia.gal\\\/es\\\/institucion\\\/#primaryimage\",\"url\":\"https:\\\/\\\/academiadefarmaciadegalicia.gal\\\/wp-content\\\/uploads\\\/2014\\\/09\\\/lema.jpg\",\"contentUrl\":\"https:\\\/\\\/academiadefarmaciadegalicia.gal\\\/wp-content\\\/uploads\\\/2014\\\/09\\\/lema.jpg\"},{\"@type\":\"BreadcrumbList\",\"@id\":\"https:\\\/\\\/academiadefarmaciadegalicia.gal\\\/es\\\/institucion\\\/#breadcrumb\",\"itemListElement\":[{\"@type\":\"ListItem\",\"position\":1,\"name\":\"Portada\",\"item\":\"https:\\\/\\\/academiadefarmaciadegalicia.gal\\\/es\\\/\"},{\"@type\":\"ListItem\",\"position\":2,\"name\":\"Instituci\u00f3n\"}]},{\"@type\":\"WebSite\",\"@id\":\"https:\\\/\\\/academiadefarmaciadegalicia.gal\\\/es\\\/#website\",\"url\":\"https:\\\/\\\/academiadefarmaciadegalicia.gal\\\/es\\\/\",\"name\":\"Real Academia de Farmacia de Galicia\",\"description\":\"\",\"potentialAction\":[{\"@type\":\"SearchAction\",\"target\":{\"@type\":\"EntryPoint\",\"urlTemplate\":\"https:\\\/\\\/academiadefarmaciadegalicia.gal\\\/es\\\/?s={search_term_string}\"},\"query-input\":{\"@type\":\"PropertyValueSpecification\",\"valueRequired\":true,\"valueName\":\"search_term_string\"}}],\"inLanguage\":\"es\"}]}<\/script>\n<!-- \/ Yoast SEO plugin. -->","yoast_head_json":{"title":"Instituci\u00f3n - Real Academia de Farmacia de Galicia","robots":{"index":"index","follow":"follow","max-snippet":"max-snippet:-1","max-image-preview":"max-image-preview:large","max-video-preview":"max-video-preview:-1"},"canonical":"https:\/\/academiadefarmaciadegalicia.gal\/es\/institucion\/","og_locale":"es_ES","og_type":"article","og_title":"Instituci\u00f3n - Real Academia de Farmacia de Galicia","og_description":"[vz_tabs][vz_tab title=\u00bbAntecedentes Funcionales\u00ab] Antecedentes fundacionales Discurso pronunciado el d\u00eda 22 de febrero de 2006 por el Doctor Jes\u00fas Izco Sevillano, Primer Presidente, con motivo de la presentaci\u00f3n p\u00fablica de la Academia de Farmacia de Galicia [\/vz_tab][vz_tab title=\u00bbCreacion\u00ab] Creaci\u00f3n XUNTA DE GALICIA-Conseller\u00eda da Presidencia, Relaci\u00f3ns Institucionais e Administraci\u00f3n P\u00fablica Decreto 156\/2004, del 1 de julio, por [&hellip;]","og_url":"https:\/\/academiadefarmaciadegalicia.gal\/es\/institucion\/","og_site_name":"Real Academia de Farmacia de Galicia","article_modified_time":"2020-03-31T11:18:55+00:00","og_image":[{"url":"https:\/\/academiadefarmaciadegalicia.gal\/wp-content\/uploads\/2014\/09\/lema.jpg","type":"","width":"","height":""}],"twitter_card":"summary_large_image","twitter_misc":{"Tiempo de lectura":"2 minutos"},"schema":{"@context":"https:\/\/schema.org","@graph":[{"@type":"WebPage","@id":"https:\/\/academiadefarmaciadegalicia.gal\/es\/institucion\/","url":"https:\/\/academiadefarmaciadegalicia.gal\/es\/institucion\/","name":"Instituci\u00f3n - Real Academia de Farmacia de Galicia","isPartOf":{"@id":"https:\/\/academiadefarmaciadegalicia.gal\/es\/#website"},"primaryImageOfPage":{"@id":"https:\/\/academiadefarmaciadegalicia.gal\/es\/institucion\/#primaryimage"},"image":{"@id":"https:\/\/academiadefarmaciadegalicia.gal\/es\/institucion\/#primaryimage"},"thumbnailUrl":"https:\/\/academiadefarmaciadegalicia.gal\/wp-content\/uploads\/2014\/09\/lema.jpg","datePublished":"2014-09-30T08:46:10+00:00","dateModified":"2020-03-31T11:18:55+00:00","breadcrumb":{"@id":"https:\/\/academiadefarmaciadegalicia.gal\/es\/institucion\/#breadcrumb"},"inLanguage":"es","potentialAction":[{"@type":"ReadAction","target":["https:\/\/academiadefarmaciadegalicia.gal\/es\/institucion\/"]}]},{"@type":"ImageObject","inLanguage":"es","@id":"https:\/\/academiadefarmaciadegalicia.gal\/es\/institucion\/#primaryimage","url":"https:\/\/academiadefarmaciadegalicia.gal\/wp-content\/uploads\/2014\/09\/lema.jpg","contentUrl":"https:\/\/academiadefarmaciadegalicia.gal\/wp-content\/uploads\/2014\/09\/lema.jpg"},{"@type":"BreadcrumbList","@id":"https:\/\/academiadefarmaciadegalicia.gal\/es\/institucion\/#breadcrumb","itemListElement":[{"@type":"ListItem","position":1,"name":"Portada","item":"https:\/\/academiadefarmaciadegalicia.gal\/es\/"},{"@type":"ListItem","position":2,"name":"Instituci\u00f3n"}]},{"@type":"WebSite","@id":"https:\/\/academiadefarmaciadegalicia.gal\/es\/#website","url":"https:\/\/academiadefarmaciadegalicia.gal\/es\/","name":"Real Academia de Farmacia de Galicia","description":"","potentialAction":[{"@type":"SearchAction","target":{"@type":"EntryPoint","urlTemplate":"https:\/\/academiadefarmaciadegalicia.gal\/es\/?s={search_term_string}"},"query-input":{"@type":"PropertyValueSpecification","valueRequired":true,"valueName":"search_term_string"}}],"inLanguage":"es"}]}},"_links":{"self":[{"href":"https:\/\/academiadefarmaciadegalicia.gal\/es\/wp-json\/wp\/v2\/pages\/2757","targetHints":{"allow":["GET"]}}],"collection":[{"href":"https:\/\/academiadefarmaciadegalicia.gal\/es\/wp-json\/wp\/v2\/pages"}],"about":[{"href":"https:\/\/academiadefarmaciadegalicia.gal\/es\/wp-json\/wp\/v2\/types\/page"}],"author":[{"embeddable":true,"href":"https:\/\/academiadefarmaciadegalicia.gal\/es\/wp-json\/wp\/v2\/users\/1"}],"replies":[{"embeddable":true,"href":"https:\/\/academiadefarmaciadegalicia.gal\/es\/wp-json\/wp\/v2\/comments?post=2757"}],"version-history":[{"count":0,"href":"https:\/\/academiadefarmaciadegalicia.gal\/es\/wp-json\/wp\/v2\/pages\/2757\/revisions"}],"wp:attachment":[{"href":"https:\/\/academiadefarmaciadegalicia.gal\/es\/wp-json\/wp\/v2\/media?parent=2757"}],"curies":[{"name":"wp","href":"https:\/\/api.w.org\/{rel}","templated":true}]}}