{"id":2968,"date":"2014-09-30T08:48:19","date_gmt":"2014-09-30T08:48:19","guid":{"rendered":"https:\/\/academiadefarmaciadegalicia.gal\/?page_id=2968"},"modified":"2020-09-29T01:02:02","modified_gmt":"2020-09-28T23:02:02","slug":"enlaces","status":"publish","type":"page","link":"https:\/\/academiadefarmaciadegalicia.gal\/es\/enlaces\/","title":{"rendered":"Enlaces"},"content":{"rendered":"<div id=\"tdi_1\" class=\"tdc-zone\"><div class=\"tdc_zone tdi_2  wpb_row td-pb-row\"  >\n<style scoped>\n\/* custom css - generated by TagDiv Composer *\/\n\n\/* custom css - generated by TagDiv Composer *\/\n.tdi_2{\r\n                    min-height: 0;\r\n                }\n<\/style><div id=\"tdi_3\" class=\"tdc-row\"><div class=\"vc_row tdi_4  wpb_row td-pb-row\" >\n<style scoped>\n\/* custom css - generated by TagDiv Composer *\/\n\n\/* custom css - generated by TagDiv Composer *\/\n.tdi_4,\r\n                .tdi_4 .tdc-columns{\r\n                    min-height: 0;\r\n                }.tdi_4,\r\n\t\t\t\t.tdi_4 .tdc-columns{\r\n\t\t\t\t    display: block;\r\n\t\t\t\t}.tdi_4 .tdc-columns{\r\n\t\t\t\t    width: 100%;\r\n\t\t\t\t}.tdi_4:before,\r\n\t\t\t\t.tdi_4:after{\r\n\t\t\t\t    display: table;\r\n\t\t\t\t}\n<\/style><div class=\"vc_column tdi_6  wpb_column vc_column_container tdc-column td-pb-span12\">\n<style scoped>\n\/* custom css - generated by TagDiv Composer *\/\n\n\/* custom css - generated by TagDiv Composer *\/\n.tdi_6{\r\n                    vertical-align: baseline;\r\n                }.tdi_6 > .wpb_wrapper,\r\n\t\t\t\t.tdi_6 > .wpb_wrapper > .tdc-elements{\r\n\t\t\t\t    display: block;\r\n\t\t\t\t}.tdi_6 > .wpb_wrapper > .tdc-elements{\r\n\t\t\t\t    width: 100%;\r\n\t\t\t\t}.tdi_6 > .wpb_wrapper > .vc_row_inner{\r\n\t\t\t\t    width: auto;\r\n\t\t\t\t}.tdi_6 > .wpb_wrapper{\r\n\t\t\t\t    width: auto;\r\n\t\t\t\t    height: auto;\r\n\t\t\t\t}\n<\/style><div class=\"wpb_wrapper\" ><div class=\"td_block_wrap td_block_text_with_title tdi_7 tagdiv-type td-pb-border-top td_block_template_18\"  data-td-block-uid=\"tdi_7\" >\n<style>\n.td_block_template_18 {\r\n                padding-top: 20px;\r\n            }\r\n            .td_block_template_18.td_block_mega_menu {\r\n                padding-top: 0;\r\n            }\r\n            .td_block_template_18 .td-block-title {\r\n                font-family: var(--td_default_google_font_1, 'Open Sans', 'Open Sans Regular', sans-serif);\r\n                font-size: 55px;\r\n                font-weight: bold;\r\n                letter-spacing: -4px;\r\n                line-height: 1;\r\n                text-align: center;\r\n                overflow: hidden;\r\n                margin-bottom: 25px;\r\n                text-transform: lowercase;\r\n                margin-top: 0;\r\n            }\r\n            @media (min-width: 768px) and (max-width: 1018px) {\r\n                .td_block_template_18 .td-block-title {\r\n                    font-size: 35px;\r\n                    margin-bottom: 18px;\r\n                }\r\n            }\r\n            @media (max-width: 767px) {\r\n                .td_block_template_18 .td-block-title {\r\n                    font-size: 45px;\r\n                    margin-bottom: 18px;\r\n                }\r\n            }\r\n            .td_block_template_18 .td-block-title > span,\r\n            .td_block_template_18 .td-block-title > a {\r\n                padding: 0 20px 10px;\r\n                display: inline-block;\r\n                background: #06d3d5;\r\n                background: -webkit-linear-gradient(-68deg, #06d3d5 30%,#2a81cb 80%);\r\n                background: linear-gradient(156deg, #06d3d5 30%,#2a81cb 80%);\r\n                color: #fff;\r\n                -webkit-background-clip: text !important;\r\n                -webkit-text-fill-color: transparent;\r\n            }\r\n            @media (min-width: 768px) and (max-width: 1018px) {\r\n                .td_block_template_18 .td-block-title > span,\r\n                .td_block_template_18 .td-block-title > a {\r\n                    padding: 0 20px 4px;\r\n                }\r\n            }\r\n            @media (max-width: 767px) {\r\n                .td_block_template_18 .td-block-title > span,\r\n                .td_block_template_18 .td-block-title > a {\r\n                    padding: 2px 10px;\r\n                }\r\n            }\r\n            .td_block_template_18 .td-block-title-wrap .td-block-title .td-block-speech-bubble {\r\n                font-family: var(--td_default_google_font_1, 'Open Sans', 'Open Sans Regular', sans-serif) !important;\r\n                font-size: 12px !important;\r\n                font-weight: 600;\r\n                line-height: 1;\r\n                letter-spacing: -0.6px !important;\r\n                padding: 4px 8px;\r\n                background-color: #2a81cb;\r\n                color: #fff;\r\n                -webkit-text-fill-color: #fff;\r\n                position: absolute;\r\n                border-radius: 3px 3px 3px 0;\r\n                margin-left: 6px;\r\n                top: -4px;\r\n                text-transform: uppercase;\r\n            }\r\n            @media (min-width: 768px) and (max-width: 1018px) {\r\n                .td_block_template_18 .td-block-title .td-block-speech-bubble {\r\n                    font-size: 10px;\r\n                    padding: 3px 6px;\r\n                    border-radius: 2px 2px 2px 0;\r\n                    top: 0;\r\n                }\r\n            }\r\n            @media (max-width: 767px) {\r\n                .td_block_template_18 .td-block-title .td-block-speech-bubble {\r\n                    font-size: 10px;\r\n                    padding: 3px 6px;\r\n                    border-radius: 2px 2px 2px 0;\r\n                    top: 0;\r\n                }\r\n            }\r\n            .td_block_template_18 .td-block-title .td-block-speech-bubble:before {\r\n                content: '';\r\n                position: absolute;\r\n                top: 100%;\r\n                left: 0;\r\n                width: 0;\r\n                height: 0;\r\n                border-style: solid;\r\n                border-width: 6px 6px 0 0;\r\n                border-color: #2a81cb transparent transparent transparent;\r\n            }\r\n            .td_block_template_18 .td-block-title .td-block-subtitle {\r\n                display: table;\r\n                font-family: var(--td_default_google_font_1, 'Open Sans', 'Open Sans Regular', sans-serif);\r\n                font-size: 15px;\r\n                line-height: 1;\r\n                font-style: italic;\r\n                font-weight: normal;\r\n                letter-spacing: normal;\r\n                color: #808080;\r\n                position: relative;\r\n                margin: 2px auto;\r\n                text-transform: none;\r\n                max-width: 80%;\r\n            }\r\n            @media (max-width: 767px) {\r\n                .td_block_template_18 .td-block-title .td-block-subtitle {\r\n                    font-size: 13px;\r\n                }\r\n            }\r\n            .td_block_template_18 .td-block-title .td-block-subtitle:before,\r\n            .td_block_template_18 .td-block-title .td-block-subtitle:after {\r\n                content: '';\r\n                position: absolute;\r\n                height: 1px;\r\n                width: 1500px;\r\n                top: 3px;\r\n                bottom: 0;\r\n                background-color: #e3e3e3;\r\n            }\r\n            .td_block_template_18 .td-block-title .td-block-subtitle:before {\r\n                left: 100%;\r\n                margin: auto 0 auto 20px;\r\n            }\r\n            @media (min-width: 768px) and (max-width: 1018px) {\r\n                .td_block_template_18 .td-block-title .td-block-subtitle:before {\r\n                    margin: auto 0 auto 15px;\r\n                }\r\n            }\r\n            @media (max-width: 767px) {\r\n                .td_block_template_18 .td-block-title .td-block-subtitle:before {\r\n                    margin: auto 0 auto 10px;\r\n                }\r\n            }\r\n            .td_block_template_18 .td-block-title .td-block-subtitle:after {\r\n                right: 100%;\r\n                margin: auto 20px auto 0;\r\n            }\r\n            @media (min-width: 768px) and (max-width: 1018px) {\r\n                .td_block_template_18 .td-block-title .td-block-subtitle:after {\r\n                    margin: auto 15px auto 0;\r\n                }\r\n            }\r\n            @media (max-width: 767px) {\r\n                .td_block_template_18 .td-block-title .td-block-subtitle:after {\r\n                    margin: auto 10px auto 0;\r\n                }\r\n            }\r\n            .td_block_template_18 .td-pulldown-filter-display-option:before {\r\n                display: none;\r\n            }\r\n            \r\n            \r\n        \r\n            \r\n            .tdi_7 .td-block-title > span,\r\n            .tdi_7 .td-block-title > a {\r\n                background: #06d3d5 !important;\r\n                background: -moz-linear-gradient(-68deg, #55c4b4 30%, #008e88 80%) !important;\r\n                background: -webkit-linear-gradient(-68deg, #55c4b4 30%,#008e88 80%) !important;\r\n                background: linear-gradient(156deg, #55c4b4 30%,#008e88 80%) !important;\r\n                -webkit-background-clip: text !important;\r\n                -webkit-text-fill-color: transparent;\r\n            }\r\n            \r\n            \r\n            \r\n            .tdi_7 .td-block-speech-bubble {\r\n                background-color: #008e88 !important;\r\n            }\r\n            .tdi_7 .td-block-speech-bubble:before {\r\n                border-color: #008e88 transparent transparent transparent !important;\r\n            }\n<\/style>\n<style>\n\/* custom css - generated by TagDiv Composer *\/\n.td_block_text_with_title{\r\n                  margin-bottom: 44px;\r\n                  -webkit-transform: translateZ(0);\r\n                  transform: translateZ(0);\r\n                }.td_block_text_with_title p:last-child{\r\n                  margin-bottom: 0;\r\n                }.tdi_7,\r\n                .tdi_7 p{\r\n\t\t\t        text-transform:none !important;\r\n\t\t        }.tdi_7 h1{\r\n\t\t\t        text-transform:none !important;\r\n\t\t        }.tdi_7 h2{\r\n\t\t\t        text-transform:none !important;\r\n\t\t        }.tdi_7 h3{\r\n\t\t\t        text-transform:none !important;\r\n\t\t        }.tdi_7 h4{\r\n\t\t\t        text-transform:none !important;\r\n\t\t        }\n<\/style><div class=\"td-block-title-wrap\"><h4 class=\"td-block-title\"><span>Enlaces<\/span><\/h4><\/div><div class=\"td_mod_wrap td-fix-index\"><h2>Academias de Farmacia<\/h2>\n<ul>\n<li><a title=\"Real Academia Nacional de Farmacia\" href=\"http:\/\/www.ranf.com\/\" target=\"_blank\" rel=\"noopener noreferrer\">Real Academia Nacional de Farmacia<\/a><\/li>\n<li><a title=\"Reial Acad\u00e8mia de Farm\u00e0cia de Catalunya\" href=\"http:\/\/www.rafc.cat\/index.php?lang=es\" target=\"_blank\" rel=\"noopener noreferrer\">Reial Acad\u00e8mia de Farm\u00e0cia de Catalunya<\/a><\/li>\n<li><a title=\"Academia Iberoamericana de Farmacia\" href=\"http:\/\/www.insacan.org\/aif\/aif.html\" target=\"_blank\" rel=\"noopener noreferrer\">Academia Iberoamericana de Farmacia<\/a><\/li>\n<li><a title=\"Academia de Farmacia de Castilla y Le\u00f3n\" href=\"http:\/\/www.academiadefarmaciacastillayleon.es\" target=\"_blank\" rel=\"noopener noreferrer\">Academia de Farmacia de Castilla y Le\u00f3n<\/a><\/li>\n<li><a title=\"Academia de Farmacia Santa Mar\u00eda de Espa\u00f1a de la Regi\u00f3n de Murcia\" href=\"http:\/\/academiadefarmaciaregiondemurcia.com\/\" target=\"_blank\" rel=\"noopener noreferrer\">Academia de Farmacia Santa Mar\u00eda de Espa\u00f1a de la Regi\u00f3n de Murcia<\/a><\/li>\n<li><a title=\"Academia de Farmacia del Reino de Arag\u00f3n\" href=\"http:\/\/www.academiadefarmaciadearagon.es\" target=\"_blank\" rel=\"noopener noreferrer\">Academia de Farm\u00e0cia del Reino de Arag\u00f3n<\/a><\/li>\n<li><a href=\"https:\/\/afcv.es\/la-academia\">Academia de Farmacia de la Comunidad Valenciana<\/a><\/li>\n<\/ul>\n<h2>Academias de Galicia<\/h2>\n<ul>\n<li><a title=\"Real Academia Galega\" href=\"http:\/\/www.realacademiagalega.org\/\" target=\"_blank\" rel=\"noopener noreferrer\">Real Academia Galega<\/a><\/li>\n<li><a title=\"Real Academia Galega de Ciencias \" href=\"http:\/\/www.ragc.cesga.es\/es\" target=\"_blank\" rel=\"noopener noreferrer\">Real Academia Galega de Ciencias<\/a><\/li>\n<li><a title=\"http:\/\/www.racvg.com\" href=\"http:\/\/www.racvg.com\" target=\"_blank\" rel=\"noopener noreferrer\">Academia de Ciencias Veterinarias de Galicia<\/a><\/li>\n<li><a title=\"Real Academia de Medicina y Cirug\u00eda de Galicia\" href=\"http:\/\/www.ramycga.org\/index.php\" target=\"_blank\" rel=\"noopener noreferrer\">Real Academia de Medicina y Cirug\u00eda de Galicia<\/a><\/li>\n<\/ul>\n<h2>Universidades Gallegas<\/h2>\n<ul>\n<li><a title=\"Universidade da Coru\u00f1a\" href=\"http:\/\/www.udc.gal\/\" target=\"_blank\" rel=\"noopener noreferrer\">Universidade da Coru\u00f1a<\/a><\/li>\n<li><a title=\"Universidade de Santiago\" href=\"http:\/\/www.usc.es\/\" target=\"_blank\" rel=\"noopener noreferrer\">Universidade de Santiago<\/a><\/li>\n<li><a title=\"Universidade de Vigo\" href=\"http:\/\/uvigo.es\/\" target=\"_blank\" rel=\"noopener noreferrer\">Universidade de Vigo<\/a><\/li>\n<li><a title=\"Facultad de Farmacia USC\" href=\"http:\/\/www.usc.es\/es\/centros\/farmacia\/\" target=\"_blank\" rel=\"noopener noreferrer\">Facultad de Farmacia USC<\/a><\/li>\n<\/ul>\n<h2>Administraci\u00f3n Auton\u00f3mica<\/h2>\n<ul>\n<li><a title=\"Xunta de Galicia\" href=\"http:\/\/www.xunta.es\/portada\" target=\"_blank\" rel=\"noopener noreferrer\">Xunta de Galicia<\/a><\/li>\n<li><a title=\"Conseller\u00eda de Sanidade\" href=\"http:\/\/www.xunta.es\/sanidade\" target=\"_blank\" rel=\"noopener noreferrer\">Conseller\u00eda de Sanidade<\/a><\/li>\n<\/ul>\n<h2>Colegios Oficiales de Farmac\u00e9uticos de Galicia y Consejo General<\/h2>\n<ul>\n<li><a title=\"Colegio Oficial de Farmac\u00e9uticos de la Provincia de A Coru\u00f1a\" href=\"http:\/\/www.cofc.es\/\" target=\"_blank\" rel=\"noopener noreferrer\">Colegio Oficial de Farmac\u00e9uticos de la Provincia de A Coru\u00f1a<\/a><\/li>\n<li><a title=\"Colegio Oficial de Farmac\u00e9uticos de Lugo\" href=\"https:\/\/www.coflugo.org\/\" target=\"_blank\" rel=\"noopener noreferrer\">Colegio Oficial de Farmac\u00e9uticos de Lugo<\/a><\/li>\n<li><a title=\"Colegio Oficial de Farmaceuticos de Ourense\" href=\"http:\/\/cofourense.com\/\" target=\"_blank\" rel=\"noopener noreferrer\">Colegio Oficial de Farmac\u00e9uticos de Ourense<\/a><\/li>\n<li><a title=\"Colegio Oficial de Farmac\u00e9uticos de Pontevedra\" href=\"http:\/\/cofpo.org\/index.php\/index-es.html\" target=\"_blank\" rel=\"noopener noreferrer\">Colegio Oficial de Farmac\u00e9uticos de Pontevedra<\/a><\/li>\n<li><a href=\"https:\/\/www.portalfarma.com\/Paginas\/default.aspx\">Consejo General de Colegios Oficiales de Farmac\u00e9uticos<\/a><\/li>\n<\/ul>\n<h2>Cooperativas Farmac\u00e9uticas<\/h2>\n<ul>\n<li><a title=\"Colegio Oficial de Farmac\u00e9uticos de la Provincia de A Coru\u00f1a\" href=\"https:\/\/online.cofano.org\/\" target=\"_blank\" rel=\"noopener noreferrer\">COFANO<\/a><\/li>\n<li><a title=\"Colegio Oficial de Farmac\u00e9uticos de la Provincia de A Coru\u00f1a\" href=\"https:\/\/www.bidafarma.es\/\" target=\"_blank\" rel=\"noopener noreferrer\">BIDAFARMA<\/a><\/li>\n<li><a title=\"Colegio Oficial de Farmac\u00e9uticos de la Provincia de A Coru\u00f1a\" href=\"https:\/\/www.cofares.es\/\" target=\"_blank\" rel=\"noopener noreferrer\">COFARES<\/a><\/li>\n<\/ul>\n<h2>Sociedades Farmac\u00e9uticas<\/h2>\n<ul>\n<li><a href=\"https:\/\/www.sefac.org\/\">SEFAC \u00b7 Sociedad Espa\u00f1ola de Farmacia Familiar y Comunitaria<\/a><\/li>\n<li><a title=\"Colegio Oficial de Farmac\u00e9uticos de la Provincia de A Coru\u00f1a\" href=\"http:\/\/fefe.com\/asociaciones\/fefga\/\" target=\"_blank\" rel=\"noopener noreferrer\">FEFGA \u2013 Federaci\u00f3n de Farmacia de Galicia<\/a><\/li>\n<\/ul>\n<\/div><\/div><\/div><\/div><\/div><\/div><\/div><\/div>","protected":false},"excerpt":{"rendered":"","protected":false},"author":1,"featured_media":0,"parent":0,"menu_order":0,"comment_status":"closed","ping_status":"closed","template":"","meta":{"footnotes":""},"class_list":["post-2968","page","type-page","status-publish"],"yoast_head":"<!-- This site is optimized with the Yoast SEO plugin v27.4 - https:\/\/yoast.com\/product\/yoast-seo-wordpress\/ -->\n<title>Enlaces - Real Academia de Farmacia de Galicia<\/title>\n<meta name=\"robots\" content=\"index, follow, max-snippet:-1, max-image-preview:large, max-video-preview:-1\" \/>\n<link rel=\"canonical\" href=\"https:\/\/academiadefarmaciadegalicia.gal\/es\/enlaces\/\" \/>\n<meta property=\"og:locale\" content=\"es_ES\" \/>\n<meta property=\"og:type\" content=\"article\" \/>\n<meta property=\"og:title\" content=\"Enlaces - Real Academia de Farmacia de Galicia\" \/>\n<meta property=\"og:url\" content=\"https:\/\/academiadefarmaciadegalicia.gal\/es\/enlaces\/\" \/>\n<meta property=\"og:site_name\" content=\"Real Academia de Farmacia de Galicia\" \/>\n<meta property=\"article:modified_time\" content=\"2020-09-28T23:02:02+00:00\" \/>\n<meta name=\"twitter:card\" content=\"summary_large_image\" \/>\n<meta name=\"twitter:label1\" content=\"Tiempo de lectura\" \/>\n\t<meta name=\"twitter:data1\" content=\"1 minuto\" \/>\n<script type=\"application\/ld+json\" class=\"yoast-schema-graph\">{\"@context\":\"https:\\\/\\\/schema.org\",\"@graph\":[{\"@type\":\"WebPage\",\"@id\":\"https:\\\/\\\/academiadefarmaciadegalicia.gal\\\/es\\\/enlaces\\\/\",\"url\":\"https:\\\/\\\/academiadefarmaciadegalicia.gal\\\/es\\\/enlaces\\\/\",\"name\":\"Enlaces - Real Academia de Farmacia de Galicia\",\"isPartOf\":{\"@id\":\"https:\\\/\\\/academiadefarmaciadegalicia.gal\\\/es\\\/#website\"},\"datePublished\":\"2014-09-30T08:48:19+00:00\",\"dateModified\":\"2020-09-28T23:02:02+00:00\",\"breadcrumb\":{\"@id\":\"https:\\\/\\\/academiadefarmaciadegalicia.gal\\\/es\\\/enlaces\\\/#breadcrumb\"},\"inLanguage\":\"es\",\"potentialAction\":[{\"@type\":\"ReadAction\",\"target\":[\"https:\\\/\\\/academiadefarmaciadegalicia.gal\\\/es\\\/enlaces\\\/\"]}]},{\"@type\":\"BreadcrumbList\",\"@id\":\"https:\\\/\\\/academiadefarmaciadegalicia.gal\\\/es\\\/enlaces\\\/#breadcrumb\",\"itemListElement\":[{\"@type\":\"ListItem\",\"position\":1,\"name\":\"Portada\",\"item\":\"https:\\\/\\\/academiadefarmaciadegalicia.gal\\\/es\\\/\"},{\"@type\":\"ListItem\",\"position\":2,\"name\":\"Enlaces\"}]},{\"@type\":\"WebSite\",\"@id\":\"https:\\\/\\\/academiadefarmaciadegalicia.gal\\\/es\\\/#website\",\"url\":\"https:\\\/\\\/academiadefarmaciadegalicia.gal\\\/es\\\/\",\"name\":\"Real Academia de Farmacia de Galicia\",\"description\":\"\",\"potentialAction\":[{\"@type\":\"SearchAction\",\"target\":{\"@type\":\"EntryPoint\",\"urlTemplate\":\"https:\\\/\\\/academiadefarmaciadegalicia.gal\\\/es\\\/?s={search_term_string}\"},\"query-input\":{\"@type\":\"PropertyValueSpecification\",\"valueRequired\":true,\"valueName\":\"search_term_string\"}}],\"inLanguage\":\"es\"}]}<\/script>\n<!-- \/ Yoast SEO plugin. -->","yoast_head_json":{"title":"Enlaces - Real Academia de Farmacia de Galicia","robots":{"index":"index","follow":"follow","max-snippet":"max-snippet:-1","max-image-preview":"max-image-preview:large","max-video-preview":"max-video-preview:-1"},"canonical":"https:\/\/academiadefarmaciadegalicia.gal\/es\/enlaces\/","og_locale":"es_ES","og_type":"article","og_title":"Enlaces - Real Academia de Farmacia de Galicia","og_url":"https:\/\/academiadefarmaciadegalicia.gal\/es\/enlaces\/","og_site_name":"Real Academia de Farmacia de Galicia","article_modified_time":"2020-09-28T23:02:02+00:00","twitter_card":"summary_large_image","twitter_misc":{"Tiempo de lectura":"1 minuto"},"schema":{"@context":"https:\/\/schema.org","@graph":[{"@type":"WebPage","@id":"https:\/\/academiadefarmaciadegalicia.gal\/es\/enlaces\/","url":"https:\/\/academiadefarmaciadegalicia.gal\/es\/enlaces\/","name":"Enlaces - Real Academia de Farmacia de Galicia","isPartOf":{"@id":"https:\/\/academiadefarmaciadegalicia.gal\/es\/#website"},"datePublished":"2014-09-30T08:48:19+00:00","dateModified":"2020-09-28T23:02:02+00:00","breadcrumb":{"@id":"https:\/\/academiadefarmaciadegalicia.gal\/es\/enlaces\/#breadcrumb"},"inLanguage":"es","potentialAction":[{"@type":"ReadAction","target":["https:\/\/academiadefarmaciadegalicia.gal\/es\/enlaces\/"]}]},{"@type":"BreadcrumbList","@id":"https:\/\/academiadefarmaciadegalicia.gal\/es\/enlaces\/#breadcrumb","itemListElement":[{"@type":"ListItem","position":1,"name":"Portada","item":"https:\/\/academiadefarmaciadegalicia.gal\/es\/"},{"@type":"ListItem","position":2,"name":"Enlaces"}]},{"@type":"WebSite","@id":"https:\/\/academiadefarmaciadegalicia.gal\/es\/#website","url":"https:\/\/academiadefarmaciadegalicia.gal\/es\/","name":"Real Academia de Farmacia de Galicia","description":"","potentialAction":[{"@type":"SearchAction","target":{"@type":"EntryPoint","urlTemplate":"https:\/\/academiadefarmaciadegalicia.gal\/es\/?s={search_term_string}"},"query-input":{"@type":"PropertyValueSpecification","valueRequired":true,"valueName":"search_term_string"}}],"inLanguage":"es"}]}},"_links":{"self":[{"href":"https:\/\/academiadefarmaciadegalicia.gal\/es\/wp-json\/wp\/v2\/pages\/2968","targetHints":{"allow":["GET"]}}],"collection":[{"href":"https:\/\/academiadefarmaciadegalicia.gal\/es\/wp-json\/wp\/v2\/pages"}],"about":[{"href":"https:\/\/academiadefarmaciadegalicia.gal\/es\/wp-json\/wp\/v2\/types\/page"}],"author":[{"embeddable":true,"href":"https:\/\/academiadefarmaciadegalicia.gal\/es\/wp-json\/wp\/v2\/users\/1"}],"replies":[{"embeddable":true,"href":"https:\/\/academiadefarmaciadegalicia.gal\/es\/wp-json\/wp\/v2\/comments?post=2968"}],"version-history":[{"count":2,"href":"https:\/\/academiadefarmaciadegalicia.gal\/es\/wp-json\/wp\/v2\/pages\/2968\/revisions"}],"predecessor-version":[{"id":4914,"href":"https:\/\/academiadefarmaciadegalicia.gal\/es\/wp-json\/wp\/v2\/pages\/2968\/revisions\/4914"}],"wp:attachment":[{"href":"https:\/\/academiadefarmaciadegalicia.gal\/es\/wp-json\/wp\/v2\/media?parent=2968"}],"curies":[{"name":"wp","href":"https:\/\/api.w.org\/{rel}","templated":true}]}}