{"id":3008,"date":"2019-12-09T14:11:43","date_gmt":"2019-12-09T12:11:43","guid":{"rendered":"https:\/\/academiadefarmaciadegalicia.gal\/?page_id=3008"},"modified":"2019-12-09T14:11:45","modified_gmt":"2019-12-09T12:11:45","slug":"formulario","status":"publish","type":"page","link":"https:\/\/academiadefarmaciadegalicia.gal\/es\/formulario\/","title":{"rendered":"Formulario"},"content":{"rendered":"<p style=\"text-align: center;\"><strong>III Premio Juli\u00e1n Francisco Su\u00e1rez Freire da Academia de Farmacia de Galicia para Xoves Investigadores patrocinado por COFAGA e COFANO<\/strong><\/p>\n<p style=\"text-align: center;\"><strong>PRESENTACI\u00d3N DE CANDIDATURA 2016<\/strong><\/p>\n\n<div class=\"wpcf7 no-js\" id=\"wpcf7-f1186-o1\" lang=\"gl-ES\" dir=\"ltr\" data-wpcf7-id=\"1186\">\n<div class=\"screen-reader-response\"><p role=\"status\" aria-live=\"polite\" aria-atomic=\"true\"><\/p> <ul><\/ul><\/div>\n<form action=\"\/es\/wp-json\/wp\/v2\/pages\/3008#wpcf7-f1186-o1\" method=\"post\" class=\"wpcf7-form init\" aria-label=\"Formulario de contacto\" enctype=\"multipart\/form-data\" novalidate=\"novalidate\" data-status=\"init\">\n<fieldset class=\"hidden-fields-container\"><input type=\"hidden\" name=\"_wpcf7\" value=\"1186\" \/><input type=\"hidden\" name=\"_wpcf7_version\" value=\"6.1.5\" \/><input type=\"hidden\" name=\"_wpcf7_locale\" value=\"gl_ES\" \/><input type=\"hidden\" name=\"_wpcf7_unit_tag\" value=\"wpcf7-f1186-o1\" \/><input type=\"hidden\" name=\"_wpcf7_container_post\" value=\"0\" \/><input type=\"hidden\" name=\"_wpcf7_posted_data_hash\" value=\"\" \/><input type=\"hidden\" name=\"_wpcf7_recaptcha_response\" value=\"\" \/>\n<\/fieldset>\n<p><label> Apellidos<br \/>\n<span class=\"wpcf7-form-control-wrap\" data-name=\"apellidos\"><input size=\"40\" maxlength=\"400\" class=\"wpcf7-form-control wpcf7-text wpcf7-validates-as-required\" aria-required=\"true\" aria-invalid=\"false\" value=\"\" type=\"text\" name=\"apellidos\" \/><\/span> <\/label>\n<\/p>\n<p><label> Nombre<br \/>\n<span class=\"wpcf7-form-control-wrap\" data-name=\"nombre\"><input size=\"40\" maxlength=\"400\" class=\"wpcf7-form-control wpcf7-text wpcf7-validates-as-required\" aria-required=\"true\" aria-invalid=\"false\" value=\"\" type=\"text\" name=\"nombre\" \/><\/span> <\/label>\n<\/p>\n<p><label> DNI<br \/>\n<span class=\"wpcf7-form-control-wrap\" data-name=\"dni\"><input size=\"40\" maxlength=\"400\" class=\"wpcf7-form-control wpcf7-text wpcf7-validates-as-required\" aria-required=\"true\" aria-invalid=\"false\" value=\"\" type=\"text\" name=\"dni\" \/><\/span> <\/label>\n<\/p>\n<p><label> Email de contacto<br \/>\n<span class=\"wpcf7-form-control-wrap\" data-name=\"email\"><input size=\"40\" maxlength=\"400\" class=\"wpcf7-form-control wpcf7-email wpcf7-validates-as-required wpcf7-text wpcf7-validates-as-email\" aria-required=\"true\" aria-invalid=\"false\" value=\"\" type=\"email\" name=\"email\" \/><\/span> <\/label>\n<\/p>\n<p><label> Tel\u00e9fono de contacto<br \/>\n<span class=\"wpcf7-form-control-wrap\" data-name=\"telefono\"><input size=\"40\" maxlength=\"400\" class=\"wpcf7-form-control wpcf7-text wpcf7-validates-as-required\" aria-required=\"true\" aria-invalid=\"false\" value=\"\" type=\"text\" name=\"telefono\" \/><\/span> <\/label>\n<\/p>\n<p><label> Centro de Trabajo<br \/>\n<span class=\"wpcf7-form-control-wrap\" data-name=\"centro\"><input size=\"40\" maxlength=\"400\" class=\"wpcf7-form-control wpcf7-text wpcf7-validates-as-required\" aria-required=\"true\" aria-invalid=\"false\" value=\"\" type=\"text\" name=\"centro\" \/><\/span> <\/label>\n<\/p>\n<p><label> T\u00edtulo de trabajo<br \/>\n<span class=\"wpcf7-form-control-wrap\" data-name=\"titulo\"><input size=\"40\" maxlength=\"400\" class=\"wpcf7-form-control wpcf7-text wpcf7-validates-as-required\" aria-required=\"true\" aria-invalid=\"false\" value=\"\" type=\"text\" name=\"titulo\" \/><\/span> <\/label>\n<\/p>\n<p><label> Datos de la publicaci\u00f3n (Autores y filiaci\u00f3n: Revista, volumen, n\u00famero, p\u00e1ginas y a\u00f1o)<br \/>\n<span class=\"wpcf7-form-control-wrap\" data-name=\"datos\"><textarea cols=\"40\" rows=\"10\" maxlength=\"2000\" class=\"wpcf7-form-control wpcf7-textarea wpcf7-validates-as-required\" aria-required=\"true\" aria-invalid=\"false\" name=\"datos\"><\/textarea><\/span> <\/label>\n<\/p>\n<p><span class=\"wpcf7-form-control-wrap\" data-name=\"file-427\"><input size=\"40\" class=\"wpcf7-form-control wpcf7-file\" accept=\"audio\/*,video\/*,image\/*\" aria-invalid=\"false\" type=\"file\" name=\"file-427\" \/><\/span><br \/>\n<span class=\"wpcf7-form-control-wrap\" data-name=\"file-428\"><input size=\"40\" class=\"wpcf7-form-control wpcf7-file\" accept=\"audio\/*,video\/*,image\/*\" aria-invalid=\"false\" type=\"file\" name=\"file-428\" \/><\/span>\n<\/p>\n<p><input class=\"wpcf7-form-control wpcf7-submit has-spinner\" type=\"submit\" value=\"Enviar\" \/>\n<\/p><div class=\"wpcf7-response-output\" aria-hidden=\"true\"><\/div>\n<\/form>\n<\/div>\n\n","protected":false},"excerpt":{"rendered":"<p>III Premio Juli\u00e1n Francisco Su\u00e1rez Freire da Academia de Farmacia de Galicia para Xoves Investigadores patrocinado por COFAGA e COFANO PRESENTACI\u00d3N DE CANDIDATURA 2016<\/p>\n","protected":false},"author":1,"featured_media":0,"parent":0,"menu_order":0,"comment_status":"closed","ping_status":"closed","template":"template-fullwidth.php","meta":{"footnotes":""},"class_list":["post-3008","page","type-page","status-publish"],"yoast_head":"<!-- This site is optimized with the Yoast SEO plugin v27.3 - https:\/\/yoast.com\/product\/yoast-seo-wordpress\/ -->\n<title>Formulario - Real Academia de Farmacia de Galicia<\/title>\n<meta name=\"robots\" content=\"index, follow, max-snippet:-1, max-image-preview:large, max-video-preview:-1\" \/>\n<link rel=\"canonical\" href=\"https:\/\/academiadefarmaciadegalicia.gal\/es\/formulario\/\" \/>\n<meta property=\"og:locale\" content=\"es_ES\" \/>\n<meta property=\"og:type\" content=\"article\" \/>\n<meta property=\"og:title\" content=\"Formulario - Real Academia de Farmacia de Galicia\" \/>\n<meta property=\"og:description\" content=\"III Premio Juli\u00e1n Francisco Su\u00e1rez Freire da Academia de Farmacia de Galicia para Xoves Investigadores patrocinado por COFAGA e COFANO PRESENTACI\u00d3N DE CANDIDATURA 2016\" \/>\n<meta property=\"og:url\" content=\"https:\/\/academiadefarmaciadegalicia.gal\/es\/formulario\/\" \/>\n<meta property=\"og:site_name\" content=\"Real Academia de Farmacia de Galicia\" \/>\n<meta property=\"article:modified_time\" content=\"2019-12-09T12:11:45+00:00\" \/>\n<meta name=\"twitter:card\" content=\"summary_large_image\" \/>\n<script type=\"application\/ld+json\" class=\"yoast-schema-graph\">{\"@context\":\"https:\\\/\\\/schema.org\",\"@graph\":[{\"@type\":\"WebPage\",\"@id\":\"https:\\\/\\\/academiadefarmaciadegalicia.gal\\\/es\\\/formulario\\\/\",\"url\":\"https:\\\/\\\/academiadefarmaciadegalicia.gal\\\/es\\\/formulario\\\/\",\"name\":\"Formulario - Real Academia de Farmacia de Galicia\",\"isPartOf\":{\"@id\":\"https:\\\/\\\/academiadefarmaciadegalicia.gal\\\/es\\\/#website\"},\"datePublished\":\"2019-12-09T12:11:43+00:00\",\"dateModified\":\"2019-12-09T12:11:45+00:00\",\"breadcrumb\":{\"@id\":\"https:\\\/\\\/academiadefarmaciadegalicia.gal\\\/es\\\/formulario\\\/#breadcrumb\"},\"inLanguage\":\"es\",\"potentialAction\":[{\"@type\":\"ReadAction\",\"target\":[\"https:\\\/\\\/academiadefarmaciadegalicia.gal\\\/es\\\/formulario\\\/\"]}]},{\"@type\":\"BreadcrumbList\",\"@id\":\"https:\\\/\\\/academiadefarmaciadegalicia.gal\\\/es\\\/formulario\\\/#breadcrumb\",\"itemListElement\":[{\"@type\":\"ListItem\",\"position\":1,\"name\":\"Portada\",\"item\":\"https:\\\/\\\/academiadefarmaciadegalicia.gal\\\/es\\\/\"},{\"@type\":\"ListItem\",\"position\":2,\"name\":\"Formulario\"}]},{\"@type\":\"WebSite\",\"@id\":\"https:\\\/\\\/academiadefarmaciadegalicia.gal\\\/es\\\/#website\",\"url\":\"https:\\\/\\\/academiadefarmaciadegalicia.gal\\\/es\\\/\",\"name\":\"Real Academia de Farmacia de Galicia\",\"description\":\"\",\"potentialAction\":[{\"@type\":\"SearchAction\",\"target\":{\"@type\":\"EntryPoint\",\"urlTemplate\":\"https:\\\/\\\/academiadefarmaciadegalicia.gal\\\/es\\\/?s={search_term_string}\"},\"query-input\":{\"@type\":\"PropertyValueSpecification\",\"valueRequired\":true,\"valueName\":\"search_term_string\"}}],\"inLanguage\":\"es\"}]}<\/script>\n<!-- \/ Yoast SEO plugin. -->","yoast_head_json":{"title":"Formulario - Real Academia de Farmacia de Galicia","robots":{"index":"index","follow":"follow","max-snippet":"max-snippet:-1","max-image-preview":"max-image-preview:large","max-video-preview":"max-video-preview:-1"},"canonical":"https:\/\/academiadefarmaciadegalicia.gal\/es\/formulario\/","og_locale":"es_ES","og_type":"article","og_title":"Formulario - Real Academia de Farmacia de Galicia","og_description":"III Premio Juli\u00e1n Francisco Su\u00e1rez Freire da Academia de Farmacia de Galicia para Xoves Investigadores patrocinado por COFAGA e COFANO PRESENTACI\u00d3N DE CANDIDATURA 2016","og_url":"https:\/\/academiadefarmaciadegalicia.gal\/es\/formulario\/","og_site_name":"Real Academia de Farmacia de Galicia","article_modified_time":"2019-12-09T12:11:45+00:00","twitter_card":"summary_large_image","schema":{"@context":"https:\/\/schema.org","@graph":[{"@type":"WebPage","@id":"https:\/\/academiadefarmaciadegalicia.gal\/es\/formulario\/","url":"https:\/\/academiadefarmaciadegalicia.gal\/es\/formulario\/","name":"Formulario - Real Academia de Farmacia de Galicia","isPartOf":{"@id":"https:\/\/academiadefarmaciadegalicia.gal\/es\/#website"},"datePublished":"2019-12-09T12:11:43+00:00","dateModified":"2019-12-09T12:11:45+00:00","breadcrumb":{"@id":"https:\/\/academiadefarmaciadegalicia.gal\/es\/formulario\/#breadcrumb"},"inLanguage":"es","potentialAction":[{"@type":"ReadAction","target":["https:\/\/academiadefarmaciadegalicia.gal\/es\/formulario\/"]}]},{"@type":"BreadcrumbList","@id":"https:\/\/academiadefarmaciadegalicia.gal\/es\/formulario\/#breadcrumb","itemListElement":[{"@type":"ListItem","position":1,"name":"Portada","item":"https:\/\/academiadefarmaciadegalicia.gal\/es\/"},{"@type":"ListItem","position":2,"name":"Formulario"}]},{"@type":"WebSite","@id":"https:\/\/academiadefarmaciadegalicia.gal\/es\/#website","url":"https:\/\/academiadefarmaciadegalicia.gal\/es\/","name":"Real Academia de Farmacia de Galicia","description":"","potentialAction":[{"@type":"SearchAction","target":{"@type":"EntryPoint","urlTemplate":"https:\/\/academiadefarmaciadegalicia.gal\/es\/?s={search_term_string}"},"query-input":{"@type":"PropertyValueSpecification","valueRequired":true,"valueName":"search_term_string"}}],"inLanguage":"es"}]}},"_links":{"self":[{"href":"https:\/\/academiadefarmaciadegalicia.gal\/es\/wp-json\/wp\/v2\/pages\/3008","targetHints":{"allow":["GET"]}}],"collection":[{"href":"https:\/\/academiadefarmaciadegalicia.gal\/es\/wp-json\/wp\/v2\/pages"}],"about":[{"href":"https:\/\/academiadefarmaciadegalicia.gal\/es\/wp-json\/wp\/v2\/types\/page"}],"author":[{"embeddable":true,"href":"https:\/\/academiadefarmaciadegalicia.gal\/es\/wp-json\/wp\/v2\/users\/1"}],"replies":[{"embeddable":true,"href":"https:\/\/academiadefarmaciadegalicia.gal\/es\/wp-json\/wp\/v2\/comments?post=3008"}],"version-history":[{"count":0,"href":"https:\/\/academiadefarmaciadegalicia.gal\/es\/wp-json\/wp\/v2\/pages\/3008\/revisions"}],"wp:attachment":[{"href":"https:\/\/academiadefarmaciadegalicia.gal\/es\/wp-json\/wp\/v2\/media?parent=3008"}],"curies":[{"name":"wp","href":"https:\/\/api.w.org\/{rel}","templated":true}]}}