{"id":4096,"date":"2019-12-27T09:40:36","date_gmt":"2019-12-27T07:40:36","guid":{"rendered":"https:\/\/academiadefarmaciadegalicia.gal\/?page_id=4096"},"modified":"2020-04-27T16:00:02","modified_gmt":"2020-04-27T14:00:02","slug":"simbolos-lema","status":"publish","type":"page","link":"https:\/\/academiadefarmaciadegalicia.gal\/es\/simbolos-lema\/","title":{"rendered":"S\u00edmbolos y Lema"},"content":{"rendered":"<div id=\"tdi_1\" class=\"tdc-zone\"><div class=\"tdc_zone tdi_2  wpb_row td-pb-row\"  >\n<style scoped>\n\/* custom css - generated by TagDiv Composer *\/\n\n\/* custom css - generated by TagDiv Composer *\/\n.tdi_2{\r\n                    min-height: 0;\r\n                }\n<\/style><div id=\"tdi_3\" class=\"tdc-row\"><div class=\"vc_row tdi_4  wpb_row td-pb-row\" >\n<style scoped>\n\/* custom css - generated by TagDiv Composer *\/\n\n\/* custom css - generated by TagDiv Composer *\/\n.tdi_4,\r\n                .tdi_4 .tdc-columns{\r\n                    min-height: 0;\r\n                }.tdi_4,\r\n\t\t\t\t.tdi_4 .tdc-columns{\r\n\t\t\t\t    display: block;\r\n\t\t\t\t}.tdi_4 .tdc-columns{\r\n\t\t\t\t    width: 100%;\r\n\t\t\t\t}.tdi_4:before,\r\n\t\t\t\t.tdi_4:after{\r\n\t\t\t\t    display: table;\r\n\t\t\t\t}\n<\/style><div class=\"vc_column tdi_6  wpb_column vc_column_container tdc-column td-pb-span12\">\n<style scoped>\n\/* custom css - generated by TagDiv Composer *\/\n\n\/* custom css - generated by TagDiv Composer *\/\n.tdi_6{\r\n                    vertical-align: baseline;\r\n                }.tdi_6 > .wpb_wrapper,\r\n\t\t\t\t.tdi_6 > .wpb_wrapper > .tdc-elements{\r\n\t\t\t\t    display: block;\r\n\t\t\t\t}.tdi_6 > .wpb_wrapper > .tdc-elements{\r\n\t\t\t\t    width: 100%;\r\n\t\t\t\t}.tdi_6 > .wpb_wrapper > .vc_row_inner{\r\n\t\t\t\t    width: auto;\r\n\t\t\t\t}.tdi_6 > .wpb_wrapper{\r\n\t\t\t\t    width: auto;\r\n\t\t\t\t    height: auto;\r\n\t\t\t\t}\n<\/style><div class=\"wpb_wrapper\" ><div class=\"td_block_wrap td_block_text_with_title tdi_7 tagdiv-type td-pb-border-top td_block_template_18\"  data-td-block-uid=\"tdi_7\" >\n<style>\n.td_block_template_18 {\r\n                padding-top: 20px;\r\n            }\r\n            .td_block_template_18.td_block_mega_menu {\r\n                padding-top: 0;\r\n            }\r\n            .td_block_template_18 .td-block-title {\r\n                font-family: var(--td_default_google_font_1, 'Open Sans', 'Open Sans Regular', sans-serif);\r\n                font-size: 55px;\r\n                font-weight: bold;\r\n                letter-spacing: -4px;\r\n                line-height: 1;\r\n                text-align: center;\r\n                overflow: hidden;\r\n                margin-bottom: 25px;\r\n                text-transform: lowercase;\r\n                margin-top: 0;\r\n            }\r\n            @media (min-width: 768px) and (max-width: 1018px) {\r\n                .td_block_template_18 .td-block-title {\r\n                    font-size: 35px;\r\n                    margin-bottom: 18px;\r\n                }\r\n            }\r\n            @media (max-width: 767px) {\r\n                .td_block_template_18 .td-block-title {\r\n                    font-size: 45px;\r\n                    margin-bottom: 18px;\r\n                }\r\n            }\r\n            .td_block_template_18 .td-block-title > span,\r\n            .td_block_template_18 .td-block-title > a {\r\n                padding: 0 20px 10px;\r\n                display: inline-block;\r\n                background: #06d3d5;\r\n                background: -webkit-linear-gradient(-68deg, #06d3d5 30%,#2a81cb 80%);\r\n                background: linear-gradient(156deg, #06d3d5 30%,#2a81cb 80%);\r\n                color: #fff;\r\n                -webkit-background-clip: text !important;\r\n                -webkit-text-fill-color: transparent;\r\n            }\r\n            @media (min-width: 768px) and (max-width: 1018px) {\r\n                .td_block_template_18 .td-block-title > span,\r\n                .td_block_template_18 .td-block-title > a {\r\n                    padding: 0 20px 4px;\r\n                }\r\n            }\r\n            @media (max-width: 767px) {\r\n                .td_block_template_18 .td-block-title > span,\r\n                .td_block_template_18 .td-block-title > a {\r\n                    padding: 2px 10px;\r\n                }\r\n            }\r\n            .td_block_template_18 .td-block-title-wrap .td-block-title .td-block-speech-bubble {\r\n                font-family: var(--td_default_google_font_1, 'Open Sans', 'Open Sans Regular', sans-serif) !important;\r\n                font-size: 12px !important;\r\n                font-weight: 600;\r\n                line-height: 1;\r\n                letter-spacing: -0.6px !important;\r\n                padding: 4px 8px;\r\n                background-color: #2a81cb;\r\n                color: #fff;\r\n                -webkit-text-fill-color: #fff;\r\n                position: absolute;\r\n                border-radius: 3px 3px 3px 0;\r\n                margin-left: 6px;\r\n                top: -4px;\r\n                text-transform: uppercase;\r\n            }\r\n            @media (min-width: 768px) and (max-width: 1018px) {\r\n                .td_block_template_18 .td-block-title .td-block-speech-bubble {\r\n                    font-size: 10px;\r\n                    padding: 3px 6px;\r\n                    border-radius: 2px 2px 2px 0;\r\n                    top: 0;\r\n                }\r\n            }\r\n            @media (max-width: 767px) {\r\n                .td_block_template_18 .td-block-title .td-block-speech-bubble {\r\n                    font-size: 10px;\r\n                    padding: 3px 6px;\r\n                    border-radius: 2px 2px 2px 0;\r\n                    top: 0;\r\n                }\r\n            }\r\n            .td_block_template_18 .td-block-title .td-block-speech-bubble:before {\r\n                content: '';\r\n                position: absolute;\r\n                top: 100%;\r\n                left: 0;\r\n                width: 0;\r\n                height: 0;\r\n                border-style: solid;\r\n                border-width: 6px 6px 0 0;\r\n                border-color: #2a81cb transparent transparent transparent;\r\n            }\r\n            .td_block_template_18 .td-block-title .td-block-subtitle {\r\n                display: table;\r\n                font-family: var(--td_default_google_font_1, 'Open Sans', 'Open Sans Regular', sans-serif);\r\n                font-size: 15px;\r\n                line-height: 1;\r\n                font-style: italic;\r\n                font-weight: normal;\r\n                letter-spacing: normal;\r\n                color: #808080;\r\n                position: relative;\r\n                margin: 2px auto;\r\n                text-transform: none;\r\n                max-width: 80%;\r\n            }\r\n            @media (max-width: 767px) {\r\n                .td_block_template_18 .td-block-title .td-block-subtitle {\r\n                    font-size: 13px;\r\n                }\r\n            }\r\n            .td_block_template_18 .td-block-title .td-block-subtitle:before,\r\n            .td_block_template_18 .td-block-title .td-block-subtitle:after {\r\n                content: '';\r\n                position: absolute;\r\n                height: 1px;\r\n                width: 1500px;\r\n                top: 3px;\r\n                bottom: 0;\r\n                background-color: #e3e3e3;\r\n            }\r\n            .td_block_template_18 .td-block-title .td-block-subtitle:before {\r\n                left: 100%;\r\n                margin: auto 0 auto 20px;\r\n            }\r\n            @media (min-width: 768px) and (max-width: 1018px) {\r\n                .td_block_template_18 .td-block-title .td-block-subtitle:before {\r\n                    margin: auto 0 auto 15px;\r\n                }\r\n            }\r\n            @media (max-width: 767px) {\r\n                .td_block_template_18 .td-block-title .td-block-subtitle:before {\r\n                    margin: auto 0 auto 10px;\r\n                }\r\n            }\r\n            .td_block_template_18 .td-block-title .td-block-subtitle:after {\r\n                right: 100%;\r\n                margin: auto 20px auto 0;\r\n            }\r\n            @media (min-width: 768px) and (max-width: 1018px) {\r\n                .td_block_template_18 .td-block-title .td-block-subtitle:after {\r\n                    margin: auto 15px auto 0;\r\n                }\r\n            }\r\n            @media (max-width: 767px) {\r\n                .td_block_template_18 .td-block-title .td-block-subtitle:after {\r\n                    margin: auto 10px auto 0;\r\n                }\r\n            }\r\n            .td_block_template_18 .td-pulldown-filter-display-option:before {\r\n                display: none;\r\n            }\r\n            \r\n            \r\n        \r\n            \r\n            .tdi_7 .td-block-title > span,\r\n            .tdi_7 .td-block-title > a {\r\n                background: #06d3d5 !important;\r\n                background: -moz-linear-gradient(-68deg, #55c4b4 30%, #008e88 80%) !important;\r\n                background: -webkit-linear-gradient(-68deg, #55c4b4 30%,#008e88 80%) !important;\r\n                background: linear-gradient(156deg, #55c4b4 30%,#008e88 80%) !important;\r\n                -webkit-background-clip: text !important;\r\n                -webkit-text-fill-color: transparent;\r\n            }\r\n            \r\n            \r\n            \r\n            .tdi_7 .td-block-speech-bubble {\r\n                background-color: #008e88 !important;\r\n            }\r\n            .tdi_7 .td-block-speech-bubble:before {\r\n                border-color: #008e88 transparent transparent transparent !important;\r\n            }\n<\/style>\n<style>\n\/* custom css - generated by TagDiv Composer *\/\n.td_block_text_with_title{\r\n                  margin-bottom: 44px;\r\n                  -webkit-transform: translateZ(0);\r\n                  transform: translateZ(0);\r\n                }.td_block_text_with_title p:last-child{\r\n                  margin-bottom: 0;\r\n                }.tdi_7,\r\n                .tdi_7 p{\r\n\t\t\t        text-transform:none !important;\r\n\t\t        }.tdi_7 h1{\r\n\t\t\t        text-transform:none !important;\r\n\t\t        }.tdi_7 h2{\r\n\t\t\t        text-transform:none !important;\r\n\t\t        }.tdi_7 h3{\r\n\t\t\t        text-transform:none !important;\r\n\t\t        }.tdi_7 h4{\r\n\t\t\t        text-transform:none !important;\r\n\t\t        }\n<\/style><div class=\"td-block-title-wrap\"><h4 class=\"td-block-title\"><span>S\u00edmbolos<\/span><\/h4><\/div><div class=\"td_mod_wrap td-fix-index\"><p>La Real Academia de Farmacia de Galicia se identificar\u00e1 mediante los siguientes s\u00edmbolos:<\/p>\n<p>Una <strong>medalla<\/strong> configurada con un \u00f3valo grabado en el anverso y el reverso.<\/p>\n<p><img loading=\"lazy\" decoding=\"async\" class=\"alignleft  wp-image-4497\" src=\"https:\/\/academiadefarmaciadegalicia.gal\/wp-content\/uploads\/2020\/04\/logo-anverso-150x150.jpg\" alt=\"\" width=\"91\" height=\"91\" srcset=\"https:\/\/academiadefarmaciadegalicia.gal\/wp-content\/uploads\/2020\/04\/logo-anverso-150x150.jpg 150w, https:\/\/academiadefarmaciadegalicia.gal\/wp-content\/uploads\/2020\/04\/logo-anverso-232x235.jpg 232w\" sizes=\"auto, (max-width: 91px) 100vw, 91px\" \/>El anverso va orlado por la leyenda \u00abReal Academia de Farmacia de Galicia\u00bb, con las letras en oro sobre fondo azul oscuro. El n\u00facleo, sobre fondo morado, incluye el emblema tradicional de la Farmacia, compuesto por la copa de Hygea y una serpiente enroscada, en metal dorado. A su vez, este conjunto est\u00e1 orlado por una rama de roble a la izquierda y otra de laurel a la derecha, en color verde claro.<\/p>\n<p><img loading=\"lazy\" decoding=\"async\" class=\"alignleft  wp-image-4495\" src=\"https:\/\/academiadefarmaciadegalicia.gal\/wp-content\/uploads\/2020\/04\/logo-reverso-150x150.jpg\" alt=\"\" width=\"91\" height=\"91\">El reverso se compone de un \u00f3valo de color azul celeste, con un c\u00e1liz y una hostia acompa\u00f1ados de siete cruces en oro, tres a cada lado y una en el centro del jefe, en alusi\u00f3n al escudo oficial de Galicia.<\/p>\n<p>Un <strong>escudo<\/strong>, reproducido como timbre en toda su correspondencia y documentaci\u00f3n oficial, que repite el anverso y el reverso de la medalla.<\/p>\n<p>Una <strong>insignia<\/strong> configurada por un \u00f3valo orlado con la leyenda \u00abReal Academia de Farmacia de Galicia\u00bb con las letras en oro sobre fondo azul oscuro. El n\u00facleo, sobre fondo azul celeste, incluye el emblema tradicional de la Farmacia y seis cruces, tres a cada lado, todo eso en metal dorado. A su vez, este conjunto est\u00e1 orlado por una rama de roble a la izquierda y otra de laurel a la derecha, en color verde claro.<\/p>\n<\/div><\/div><div class=\"td_block_wrap td_block_text_with_title tdi_8 tagdiv-type td-pb-border-top td_block_template_18\"  data-td-block-uid=\"tdi_8\" >\n<style>\n.tdi_8 .td-block-title > span,\r\n            .tdi_8 .td-block-title > a {\r\n                background: #06d3d5 !important;\r\n                background: -moz-linear-gradient(-68deg, #55c4b4 30%, #008e88 80%) !important;\r\n                background: -webkit-linear-gradient(-68deg, #55c4b4 30%,#008e88 80%) !important;\r\n                background: linear-gradient(156deg, #55c4b4 30%,#008e88 80%) !important;\r\n                -webkit-background-clip: text !important;\r\n                -webkit-text-fill-color: transparent;\r\n            }\r\n            \r\n            \r\n            \r\n            .tdi_8 .td-block-speech-bubble {\r\n                background-color: #008e88 !important;\r\n            }\r\n            .tdi_8 .td-block-speech-bubble:before {\r\n                border-color: #008e88 transparent transparent transparent !important;\r\n            }\n<\/style>\n<style>\n\/* custom css - generated by TagDiv Composer *\/\n.tdi_8,\r\n                .tdi_8 p{\r\n\t\t\t        text-transform:none !important;\r\n\t\t        }.tdi_8 h1{\r\n\t\t\t        text-transform:none !important;\r\n\t\t        }.tdi_8 h2{\r\n\t\t\t        text-transform:none !important;\r\n\t\t        }.tdi_8 h3{\r\n\t\t\t        text-transform:none !important;\r\n\t\t        }.tdi_8 h4{\r\n\t\t\t        text-transform:none !important;\r\n\t\t        }\n<\/style><div class=\"td-block-title-wrap\"><h4 class=\"td-block-title\"><span>Lema<\/span><\/h4><\/div><div class=\"td_mod_wrap td-fix-index\"><p><img loading=\"lazy\" decoding=\"async\" class=\"alignleft wp-image-654 \" src=\"https:\/\/academiadefarmaciadegalicia.gal\/wp-content\/uploads\/2020\/03\/lema-31032020.jpg\" alt=\"\" width=\"252\" height=\"381\"><\/p>\n<p><em>Fons Artis Sanandi<\/em><\/p>\n<p><em>Manantial del arte de sanar<\/em><\/p>\n<p>Inscripci\u00f3n sobre Copa de Farmacia realizada por la Real F\u00e1brica de Sargadelos en el siglo XIX para la Farmacia del Hospital Real de Santiago de Compostela.<br \/>\nSe reproduce en los distinto escritos y carteles de la Real Academia.<\/p>\n<\/div><\/div><\/div><\/div><\/div><\/div><\/div><\/div>","protected":false},"excerpt":{"rendered":"","protected":false},"author":1,"featured_media":0,"parent":0,"menu_order":0,"comment_status":"closed","ping_status":"closed","template":"","meta":{"footnotes":""},"class_list":["post-4096","page","type-page","status-publish"],"yoast_head":"<!-- This site is optimized with the Yoast SEO plugin v27.3 - https:\/\/yoast.com\/product\/yoast-seo-wordpress\/ -->\n<title>S\u00edmbolos y Lema - Real Academia de Farmacia de Galicia<\/title>\n<meta name=\"robots\" content=\"index, follow, max-snippet:-1, max-image-preview:large, max-video-preview:-1\" \/>\n<link rel=\"canonical\" href=\"https:\/\/academiadefarmaciadegalicia.gal\/es\/simbolos-lema\/\" \/>\n<meta property=\"og:locale\" content=\"es_ES\" \/>\n<meta property=\"og:type\" content=\"article\" \/>\n<meta property=\"og:title\" content=\"S\u00edmbolos y Lema - Real Academia de Farmacia de Galicia\" \/>\n<meta property=\"og:url\" content=\"https:\/\/academiadefarmaciadegalicia.gal\/es\/simbolos-lema\/\" \/>\n<meta property=\"og:site_name\" content=\"Real Academia de Farmacia de Galicia\" \/>\n<meta property=\"article:modified_time\" content=\"2020-04-27T14:00:02+00:00\" \/>\n<meta property=\"og:image\" content=\"https:\/\/academiadefarmaciadegalicia.gal\/wp-content\/uploads\/2020\/04\/logo-anverso-150x150.jpg\" \/>\n<meta name=\"twitter:card\" content=\"summary_large_image\" \/>\n<meta name=\"twitter:label1\" content=\"Tiempo de lectura\" \/>\n\t<meta name=\"twitter:data1\" content=\"2 minutos\" \/>\n<script type=\"application\/ld+json\" class=\"yoast-schema-graph\">{\"@context\":\"https:\\\/\\\/schema.org\",\"@graph\":[{\"@type\":\"WebPage\",\"@id\":\"https:\\\/\\\/academiadefarmaciadegalicia.gal\\\/es\\\/simbolos-lema\\\/\",\"url\":\"https:\\\/\\\/academiadefarmaciadegalicia.gal\\\/es\\\/simbolos-lema\\\/\",\"name\":\"S\u00edmbolos y Lema - Real Academia de Farmacia de Galicia\",\"isPartOf\":{\"@id\":\"https:\\\/\\\/academiadefarmaciadegalicia.gal\\\/es\\\/#website\"},\"primaryImageOfPage\":{\"@id\":\"https:\\\/\\\/academiadefarmaciadegalicia.gal\\\/es\\\/simbolos-lema\\\/#primaryimage\"},\"image\":{\"@id\":\"https:\\\/\\\/academiadefarmaciadegalicia.gal\\\/es\\\/simbolos-lema\\\/#primaryimage\"},\"thumbnailUrl\":\"https:\\\/\\\/academiadefarmaciadegalicia.gal\\\/wp-content\\\/uploads\\\/2020\\\/04\\\/logo-anverso-150x150.jpg\",\"datePublished\":\"2019-12-27T07:40:36+00:00\",\"dateModified\":\"2020-04-27T14:00:02+00:00\",\"breadcrumb\":{\"@id\":\"https:\\\/\\\/academiadefarmaciadegalicia.gal\\\/es\\\/simbolos-lema\\\/#breadcrumb\"},\"inLanguage\":\"es\",\"potentialAction\":[{\"@type\":\"ReadAction\",\"target\":[\"https:\\\/\\\/academiadefarmaciadegalicia.gal\\\/es\\\/simbolos-lema\\\/\"]}]},{\"@type\":\"ImageObject\",\"inLanguage\":\"es\",\"@id\":\"https:\\\/\\\/academiadefarmaciadegalicia.gal\\\/es\\\/simbolos-lema\\\/#primaryimage\",\"url\":\"https:\\\/\\\/academiadefarmaciadegalicia.gal\\\/wp-content\\\/uploads\\\/2020\\\/04\\\/logo-anverso-150x150.jpg\",\"contentUrl\":\"https:\\\/\\\/academiadefarmaciadegalicia.gal\\\/wp-content\\\/uploads\\\/2020\\\/04\\\/logo-anverso-150x150.jpg\"},{\"@type\":\"BreadcrumbList\",\"@id\":\"https:\\\/\\\/academiadefarmaciadegalicia.gal\\\/es\\\/simbolos-lema\\\/#breadcrumb\",\"itemListElement\":[{\"@type\":\"ListItem\",\"position\":1,\"name\":\"Portada\",\"item\":\"https:\\\/\\\/academiadefarmaciadegalicia.gal\\\/es\\\/\"},{\"@type\":\"ListItem\",\"position\":2,\"name\":\"S\u00edmbolos y Lema\"}]},{\"@type\":\"WebSite\",\"@id\":\"https:\\\/\\\/academiadefarmaciadegalicia.gal\\\/es\\\/#website\",\"url\":\"https:\\\/\\\/academiadefarmaciadegalicia.gal\\\/es\\\/\",\"name\":\"Real Academia de Farmacia de Galicia\",\"description\":\"\",\"potentialAction\":[{\"@type\":\"SearchAction\",\"target\":{\"@type\":\"EntryPoint\",\"urlTemplate\":\"https:\\\/\\\/academiadefarmaciadegalicia.gal\\\/es\\\/?s={search_term_string}\"},\"query-input\":{\"@type\":\"PropertyValueSpecification\",\"valueRequired\":true,\"valueName\":\"search_term_string\"}}],\"inLanguage\":\"es\"}]}<\/script>\n<!-- \/ Yoast SEO plugin. -->","yoast_head_json":{"title":"S\u00edmbolos y Lema - Real Academia de Farmacia de Galicia","robots":{"index":"index","follow":"follow","max-snippet":"max-snippet:-1","max-image-preview":"max-image-preview:large","max-video-preview":"max-video-preview:-1"},"canonical":"https:\/\/academiadefarmaciadegalicia.gal\/es\/simbolos-lema\/","og_locale":"es_ES","og_type":"article","og_title":"S\u00edmbolos y Lema - Real Academia de Farmacia de Galicia","og_url":"https:\/\/academiadefarmaciadegalicia.gal\/es\/simbolos-lema\/","og_site_name":"Real Academia de Farmacia de Galicia","article_modified_time":"2020-04-27T14:00:02+00:00","og_image":[{"url":"https:\/\/academiadefarmaciadegalicia.gal\/wp-content\/uploads\/2020\/04\/logo-anverso-150x150.jpg","type":"","width":"","height":""}],"twitter_card":"summary_large_image","twitter_misc":{"Tiempo de lectura":"2 minutos"},"schema":{"@context":"https:\/\/schema.org","@graph":[{"@type":"WebPage","@id":"https:\/\/academiadefarmaciadegalicia.gal\/es\/simbolos-lema\/","url":"https:\/\/academiadefarmaciadegalicia.gal\/es\/simbolos-lema\/","name":"S\u00edmbolos y Lema - Real Academia de Farmacia de Galicia","isPartOf":{"@id":"https:\/\/academiadefarmaciadegalicia.gal\/es\/#website"},"primaryImageOfPage":{"@id":"https:\/\/academiadefarmaciadegalicia.gal\/es\/simbolos-lema\/#primaryimage"},"image":{"@id":"https:\/\/academiadefarmaciadegalicia.gal\/es\/simbolos-lema\/#primaryimage"},"thumbnailUrl":"https:\/\/academiadefarmaciadegalicia.gal\/wp-content\/uploads\/2020\/04\/logo-anverso-150x150.jpg","datePublished":"2019-12-27T07:40:36+00:00","dateModified":"2020-04-27T14:00:02+00:00","breadcrumb":{"@id":"https:\/\/academiadefarmaciadegalicia.gal\/es\/simbolos-lema\/#breadcrumb"},"inLanguage":"es","potentialAction":[{"@type":"ReadAction","target":["https:\/\/academiadefarmaciadegalicia.gal\/es\/simbolos-lema\/"]}]},{"@type":"ImageObject","inLanguage":"es","@id":"https:\/\/academiadefarmaciadegalicia.gal\/es\/simbolos-lema\/#primaryimage","url":"https:\/\/academiadefarmaciadegalicia.gal\/wp-content\/uploads\/2020\/04\/logo-anverso-150x150.jpg","contentUrl":"https:\/\/academiadefarmaciadegalicia.gal\/wp-content\/uploads\/2020\/04\/logo-anverso-150x150.jpg"},{"@type":"BreadcrumbList","@id":"https:\/\/academiadefarmaciadegalicia.gal\/es\/simbolos-lema\/#breadcrumb","itemListElement":[{"@type":"ListItem","position":1,"name":"Portada","item":"https:\/\/academiadefarmaciadegalicia.gal\/es\/"},{"@type":"ListItem","position":2,"name":"S\u00edmbolos y Lema"}]},{"@type":"WebSite","@id":"https:\/\/academiadefarmaciadegalicia.gal\/es\/#website","url":"https:\/\/academiadefarmaciadegalicia.gal\/es\/","name":"Real Academia de Farmacia de Galicia","description":"","potentialAction":[{"@type":"SearchAction","target":{"@type":"EntryPoint","urlTemplate":"https:\/\/academiadefarmaciadegalicia.gal\/es\/?s={search_term_string}"},"query-input":{"@type":"PropertyValueSpecification","valueRequired":true,"valueName":"search_term_string"}}],"inLanguage":"es"}]}},"_links":{"self":[{"href":"https:\/\/academiadefarmaciadegalicia.gal\/es\/wp-json\/wp\/v2\/pages\/4096","targetHints":{"allow":["GET"]}}],"collection":[{"href":"https:\/\/academiadefarmaciadegalicia.gal\/es\/wp-json\/wp\/v2\/pages"}],"about":[{"href":"https:\/\/academiadefarmaciadegalicia.gal\/es\/wp-json\/wp\/v2\/types\/page"}],"author":[{"embeddable":true,"href":"https:\/\/academiadefarmaciadegalicia.gal\/es\/wp-json\/wp\/v2\/users\/1"}],"replies":[{"embeddable":true,"href":"https:\/\/academiadefarmaciadegalicia.gal\/es\/wp-json\/wp\/v2\/comments?post=4096"}],"version-history":[{"count":0,"href":"https:\/\/academiadefarmaciadegalicia.gal\/es\/wp-json\/wp\/v2\/pages\/4096\/revisions"}],"wp:attachment":[{"href":"https:\/\/academiadefarmaciadegalicia.gal\/es\/wp-json\/wp\/v2\/media?parent=4096"}],"curies":[{"name":"wp","href":"https:\/\/api.w.org\/{rel}","templated":true}]}}