{"id":4610,"date":"2020-05-02T17:22:15","date_gmt":"2020-05-02T15:22:15","guid":{"rendered":"https:\/\/academiadefarmaciadegalicia.gal\/?page_id=4610"},"modified":"2020-05-02T17:22:17","modified_gmt":"2020-05-02T15:22:17","slug":"historico-de-academicos-correspondientes","status":"publish","type":"page","link":"https:\/\/academiadefarmaciadegalicia.gal\/es\/historico-de-academicos-correspondientes\/","title":{"rendered":"Hist\u00f3rico de Acad\u00e9micos Correspondientes"},"content":{"rendered":"<div id=\"tdi_1\" class=\"tdc-zone\"><div class=\"tdc_zone tdi_2  wpb_row td-pb-row\"  >\n<style scoped>\n\/* custom css - generated by TagDiv Composer *\/\n\n\/* custom css - generated by TagDiv Composer *\/\n.tdi_2{\r\n                    min-height: 0;\r\n                }\n<\/style><div id=\"tdi_3\" class=\"tdc-row\"><div class=\"vc_row tdi_4  wpb_row td-pb-row\" >\n<style scoped>\n\/* custom css - generated by TagDiv Composer *\/\n\n\/* custom css - generated by TagDiv Composer *\/\n.tdi_4,\r\n                .tdi_4 .tdc-columns{\r\n                    min-height: 0;\r\n                }.tdi_4,\r\n\t\t\t\t.tdi_4 .tdc-columns{\r\n\t\t\t\t    display: block;\r\n\t\t\t\t}.tdi_4 .tdc-columns{\r\n\t\t\t\t    width: 100%;\r\n\t\t\t\t}.tdi_4:before,\r\n\t\t\t\t.tdi_4:after{\r\n\t\t\t\t    display: table;\r\n\t\t\t\t}\n<\/style><div class=\"vc_column tdi_6  wpb_column vc_column_container tdc-column td-pb-span12\">\n<style scoped>\n\/* custom css - generated by TagDiv Composer *\/\n\n\/* custom css - generated by TagDiv Composer *\/\n.tdi_6{\r\n                    vertical-align: baseline;\r\n                }.tdi_6 > .wpb_wrapper,\r\n\t\t\t\t.tdi_6 > .wpb_wrapper > .tdc-elements{\r\n\t\t\t\t    display: block;\r\n\t\t\t\t}.tdi_6 > .wpb_wrapper > .tdc-elements{\r\n\t\t\t\t    width: 100%;\r\n\t\t\t\t}.tdi_6 > .wpb_wrapper > .vc_row_inner{\r\n\t\t\t\t    width: auto;\r\n\t\t\t\t}.tdi_6 > .wpb_wrapper{\r\n\t\t\t\t    width: auto;\r\n\t\t\t\t    height: auto;\r\n\t\t\t\t}\n<\/style><div class=\"wpb_wrapper\" ><div class=\"td_block_wrap td_block_text_with_title tdi_7 tagdiv-type td-pb-border-top td_block_template_18\"  data-td-block-uid=\"tdi_7\" >\n<style>\n.td_block_template_18 {\r\n                padding-top: 20px;\r\n            }\r\n            .td_block_template_18.td_block_mega_menu {\r\n                padding-top: 0;\r\n            }\r\n            .td_block_template_18 .td-block-title {\r\n                font-family: var(--td_default_google_font_1, 'Open Sans', 'Open Sans Regular', sans-serif);\r\n                font-size: 55px;\r\n                font-weight: bold;\r\n                letter-spacing: -4px;\r\n                line-height: 1;\r\n                text-align: center;\r\n                overflow: hidden;\r\n                margin-bottom: 25px;\r\n                text-transform: lowercase;\r\n                margin-top: 0;\r\n            }\r\n            @media (min-width: 768px) and (max-width: 1018px) {\r\n                .td_block_template_18 .td-block-title {\r\n                    font-size: 35px;\r\n                    margin-bottom: 18px;\r\n                }\r\n            }\r\n            @media (max-width: 767px) {\r\n                .td_block_template_18 .td-block-title {\r\n                    font-size: 45px;\r\n                    margin-bottom: 18px;\r\n                }\r\n            }\r\n            .td_block_template_18 .td-block-title > span,\r\n            .td_block_template_18 .td-block-title > a {\r\n                padding: 0 20px 10px;\r\n                display: inline-block;\r\n                background: #06d3d5;\r\n                background: -webkit-linear-gradient(-68deg, #06d3d5 30%,#2a81cb 80%);\r\n                background: linear-gradient(156deg, #06d3d5 30%,#2a81cb 80%);\r\n                color: #fff;\r\n                -webkit-background-clip: text !important;\r\n                -webkit-text-fill-color: transparent;\r\n            }\r\n            @media (min-width: 768px) and (max-width: 1018px) {\r\n                .td_block_template_18 .td-block-title > span,\r\n                .td_block_template_18 .td-block-title > a {\r\n                    padding: 0 20px 4px;\r\n                }\r\n            }\r\n            @media (max-width: 767px) {\r\n                .td_block_template_18 .td-block-title > span,\r\n                .td_block_template_18 .td-block-title > a {\r\n                    padding: 2px 10px;\r\n                }\r\n            }\r\n            .td_block_template_18 .td-block-title-wrap .td-block-title .td-block-speech-bubble {\r\n                font-family: var(--td_default_google_font_1, 'Open Sans', 'Open Sans Regular', sans-serif) !important;\r\n                font-size: 12px !important;\r\n                font-weight: 600;\r\n                line-height: 1;\r\n                letter-spacing: -0.6px !important;\r\n                padding: 4px 8px;\r\n                background-color: #2a81cb;\r\n                color: #fff;\r\n                -webkit-text-fill-color: #fff;\r\n                position: absolute;\r\n                border-radius: 3px 3px 3px 0;\r\n                margin-left: 6px;\r\n                top: -4px;\r\n                text-transform: uppercase;\r\n            }\r\n            @media (min-width: 768px) and (max-width: 1018px) {\r\n                .td_block_template_18 .td-block-title .td-block-speech-bubble {\r\n                    font-size: 10px;\r\n                    padding: 3px 6px;\r\n                    border-radius: 2px 2px 2px 0;\r\n                    top: 0;\r\n                }\r\n            }\r\n            @media (max-width: 767px) {\r\n                .td_block_template_18 .td-block-title .td-block-speech-bubble {\r\n                    font-size: 10px;\r\n                    padding: 3px 6px;\r\n                    border-radius: 2px 2px 2px 0;\r\n                    top: 0;\r\n                }\r\n            }\r\n            .td_block_template_18 .td-block-title .td-block-speech-bubble:before {\r\n                content: '';\r\n                position: absolute;\r\n                top: 100%;\r\n                left: 0;\r\n                width: 0;\r\n                height: 0;\r\n                border-style: solid;\r\n                border-width: 6px 6px 0 0;\r\n                border-color: #2a81cb transparent transparent transparent;\r\n            }\r\n            .td_block_template_18 .td-block-title .td-block-subtitle {\r\n                display: table;\r\n                font-family: var(--td_default_google_font_1, 'Open Sans', 'Open Sans Regular', sans-serif);\r\n                font-size: 15px;\r\n                line-height: 1;\r\n                font-style: italic;\r\n                font-weight: normal;\r\n                letter-spacing: normal;\r\n                color: #808080;\r\n                position: relative;\r\n                margin: 2px auto;\r\n                text-transform: none;\r\n                max-width: 80%;\r\n            }\r\n            @media (max-width: 767px) {\r\n                .td_block_template_18 .td-block-title .td-block-subtitle {\r\n                    font-size: 13px;\r\n                }\r\n            }\r\n            .td_block_template_18 .td-block-title .td-block-subtitle:before,\r\n            .td_block_template_18 .td-block-title .td-block-subtitle:after {\r\n                content: '';\r\n                position: absolute;\r\n                height: 1px;\r\n                width: 1500px;\r\n                top: 3px;\r\n                bottom: 0;\r\n                background-color: #e3e3e3;\r\n            }\r\n            .td_block_template_18 .td-block-title .td-block-subtitle:before {\r\n                left: 100%;\r\n                margin: auto 0 auto 20px;\r\n            }\r\n            @media (min-width: 768px) and (max-width: 1018px) {\r\n                .td_block_template_18 .td-block-title .td-block-subtitle:before {\r\n                    margin: auto 0 auto 15px;\r\n                }\r\n            }\r\n            @media (max-width: 767px) {\r\n                .td_block_template_18 .td-block-title .td-block-subtitle:before {\r\n                    margin: auto 0 auto 10px;\r\n                }\r\n            }\r\n            .td_block_template_18 .td-block-title .td-block-subtitle:after {\r\n                right: 100%;\r\n                margin: auto 20px auto 0;\r\n            }\r\n            @media (min-width: 768px) and (max-width: 1018px) {\r\n                .td_block_template_18 .td-block-title .td-block-subtitle:after {\r\n                    margin: auto 15px auto 0;\r\n                }\r\n            }\r\n            @media (max-width: 767px) {\r\n                .td_block_template_18 .td-block-title .td-block-subtitle:after {\r\n                    margin: auto 10px auto 0;\r\n                }\r\n            }\r\n            .td_block_template_18 .td-pulldown-filter-display-option:before {\r\n                display: none;\r\n            }\r\n            \r\n            \r\n        \r\n            \r\n            .tdi_7 .td-block-title > span,\r\n            .tdi_7 .td-block-title > a {\r\n                background: #06d3d5 !important;\r\n                background: -moz-linear-gradient(-68deg, #55c4b4 30%, #008e88 80%) !important;\r\n                background: -webkit-linear-gradient(-68deg, #55c4b4 30%,#008e88 80%) !important;\r\n                background: linear-gradient(156deg, #55c4b4 30%,#008e88 80%) !important;\r\n                -webkit-background-clip: text !important;\r\n                -webkit-text-fill-color: transparent;\r\n            }\r\n            \r\n            \r\n            \r\n            .tdi_7 .td-block-speech-bubble {\r\n                background-color: #008e88 !important;\r\n            }\r\n            .tdi_7 .td-block-speech-bubble:before {\r\n                border-color: #008e88 transparent transparent transparent !important;\r\n            }\n<\/style>\n<style>\n\/* custom css - generated by TagDiv Composer *\/\n.td_block_text_with_title{\r\n                  margin-bottom: 44px;\r\n                  -webkit-transform: translateZ(0);\r\n                  transform: translateZ(0);\r\n                }.td_block_text_with_title p:last-child{\r\n                  margin-bottom: 0;\r\n                }.tdi_7,\r\n                .tdi_7 p{\r\n\t\t\t        text-transform:none !important;\r\n\t\t        }.tdi_7 h1{\r\n\t\t\t        text-transform:none !important;\r\n\t\t        }.tdi_7 h2{\r\n\t\t\t        text-transform:none !important;\r\n\t\t        }.tdi_7 h3{\r\n\t\t\t        text-transform:none !important;\r\n\t\t        }.tdi_7 h4{\r\n\t\t\t        text-transform:none !important;\r\n\t\t        }\n<\/style><div class=\"td-block-title-wrap\"><h4 class=\"td-block-title\"><span>Hist\u00f3rico de Acad\u00e9micos Correspondientes<\/span><\/h4><\/div><div class=\"td_mod_wrap td-fix-index\">\n<table id=\"tablepress-18\" class=\"tablepress tablepress-id-18 tablepress-responsive\">\n<thead>\n<tr class=\"row-1\">\n\t<th class=\"column-1\">Acad\u00e9mico<\/th><th class=\"column-2\">Fecha ingreso<\/th><td class=\"column-3\"><\/td>\n<\/tr>\n<\/thead>\n<tbody class=\"row-striping row-hover\">\n<tr class=\"row-2\">\n\t<td class=\"column-1\">Jos\u00e9 M\u00aa Santiago Sanmart\u00edn Miguez<\/td><td class=\"column-2\">23.10.2003   <\/td><td class=\"column-3\"><\/td>\n<\/tr>\n<tr class=\"row-3\">\n\t<td class=\"column-1\">Benito del Castillo Garc\u00eda<\/td><td class=\"column-2\">22.11.2004    <\/td><td class=\"column-3\"><\/td>\n<\/tr>\n<tr class=\"row-4\">\n\t<td class=\"column-1\">Jos\u00e9 Luis Lastres Garc\u00eda<\/td><td class=\"column-2\">16.03.2006<\/td><td class=\"column-3\"><\/td>\n<\/tr>\n<tr class=\"row-5\">\n\t<td class=\"column-1\">Juan Antonio Bueren Roncero<\/td><td class=\"column-2\">04.05.2006<\/td><td class=\"column-3\"><\/td>\n<\/tr>\n<tr class=\"row-6\">\n\t<td class=\"column-1\">Alfonso Dom\u00ednguez-Gil Hurl\u00e9<\/td><td class=\"column-2\">29.06. 2006<\/td><td class=\"column-3\"><\/td>\n<\/tr>\n<tr class=\"row-7\">\n\t<td class=\"column-1\">Alberto Cepeda S\u00e1ez<\/td><td class=\"column-2\">29.11.2006 - 23.11.2010<br \/>\nIngresa como Acad\u00e9mico de N\u00famero  <\/td><td class=\"column-3\"><\/td>\n<\/tr>\n<tr class=\"row-8\">\n\t<td class=\"column-1\">Mariano Esteban Rodr\u00edguez<\/td><td class=\"column-2\">08.03.2007<\/td><td class=\"column-3\"><\/td>\n<\/tr>\n<tr class=\"row-9\">\n\t<td class=\"column-1\">Aquiles Arancibia Orrego<\/td><td class=\"column-2\">09.06.2007<\/td><td class=\"column-3\"><\/td>\n<\/tr>\n<tr class=\"row-10\">\n\t<td class=\"column-1\">Ricardo S\u00e1nchez Tam\u00e9s<\/td><td class=\"column-2\">11.07.2007<\/td><td class=\"column-3\"><\/td>\n<\/tr>\n<tr class=\"row-11\">\n\t<td class=\"column-1\">Pilar Fern\u00e1ndez Otero<\/td><td class=\"column-2\">12.09.2007<\/td><td class=\"column-3\"><\/td>\n<\/tr>\n<tr class=\"row-12\">\n\t<td class=\"column-1\">Nicol\u00e1s V\u00edctor Jim\u00e9nez Torres<\/td><td class=\"column-2\">21.11.2007<br \/>\nFallecido 26.07.2015<\/td><td class=\"column-3\"><\/td>\n<\/tr>\n<tr class=\"row-13\">\n\t<td class=\"column-1\">Jaime Cobreros Aguirre<\/td><td class=\"column-2\">12.03.2008<br \/>\nFallecido 14.08.2019<\/td><td class=\"column-3\"><\/td>\n<\/tr>\n<tr class=\"row-14\">\n\t<td class=\"column-1\">Mat\u00edas A. Llabr\u00e9s Mart\u00ednez<\/td><td class=\"column-2\">29.04.2009<\/td><td class=\"column-3\"><\/td>\n<\/tr>\n<tr class=\"row-15\">\n\t<td class=\"column-1\">Adolfo Figueiras Guzm\u00e1n<\/td><td class=\"column-2\">27.05. 2009<\/td><td class=\"column-3\"><\/td>\n<\/tr>\n<tr class=\"row-16\">\n\t<td class=\"column-1\">Mar\u00eda Isabel Loza Garc\u00eda<\/td><td class=\"column-2\">08.07.2009 - 10.04.2013       <br \/>\nIngresa como Acad\u00e9mica de N\u00famero<\/td><td class=\"column-3\"><\/td>\n<\/tr>\n<tr class=\"row-17\">\n\t<td class=\"column-1\">Francisco Javier Amigo V\u00e1zquez<\/td><td class=\"column-2\">15.07.2009 - 17.06.2015<br \/>\nRenuncia como Acad\u00e9mico<\/td><td class=\"column-3\"><\/td>\n<\/tr>\n<tr class=\"row-18\">\n\t<td class=\"column-1\">Esperanza Jim\u00e9nez Caballero<\/td><td class=\"column-2\">21.04.2010<\/td><td class=\"column-3\"><\/td>\n<\/tr>\n<tr class=\"row-19\">\n\t<td class=\"column-1\">Florencio Moreno Garc\u00eda<\/td><td class=\"column-2\">09.06.2010<\/td><td class=\"column-3\"><\/td>\n<\/tr>\n<tr class=\"row-20\">\n\t<td class=\"column-1\">Jos\u00e9 Antonio Fornos P\u00e9rez<\/td><td class=\"column-2\">02.03.2011<\/td><td class=\"column-3\"><\/td>\n<\/tr>\n<tr class=\"row-21\">\n\t<td class=\"column-1\">Francisco Caama\u00f1o Isorna<\/td><td class=\"column-2\">27.04.2011<\/td><td class=\"column-3\"><\/td>\n<\/tr>\n<tr class=\"row-22\">\n\t<td class=\"column-1\">M\u00aa Julia Melgar Riol<\/td><td class=\"column-2\">25.05.2011<\/td><td class=\"column-3\"><\/td>\n<\/tr>\n<tr class=\"row-23\">\n\t<td class=\"column-1\">Carmen I. \u00c1lvarez Lorenzo<\/td><td class=\"column-2\">28.03.2012 - 29.09.2015<br \/>\nIngresa como Acad\u00e9mica de N\u00famero<\/td><td class=\"column-3\"><\/td>\n<\/tr>\n<tr class=\"row-24\">\n\t<td class=\"column-1\">\u00c1lvaro Dom\u00ednguez-Gil Hurl\u00e9<\/td><td class=\"column-2\">23.05.2012<\/td><td class=\"column-3\"><\/td>\n<\/tr>\n<tr class=\"row-25\">\n\t<td class=\"column-1\">Adolfo Paradela Carreiro<\/td><td class=\"column-2\">26.09.2012<\/td><td class=\"column-3\"><\/td>\n<\/tr>\n<tr class=\"row-26\">\n\t<td class=\"column-1\">Alberto Ruano Ravi\u00f1a<\/td><td class=\"column-2\">22.05.2013<\/td><td class=\"column-3\"><\/td>\n<\/tr>\n<tr class=\"row-27\">\n\t<td class=\"column-1\">Jorge Barros Vel\u00e1zquez<\/td><td class=\"column-2\">25.09.2013 - 12.04.2016<br \/>\nIngresa como Acad\u00e9mico de N\u00famero<\/td><td class=\"column-3\"><\/td>\n<\/tr>\n<tr class=\"row-28\">\n\t<td class=\"column-1\">M\u00aa Concepci\u00f3n Cid Canda<\/td><td class=\"column-2\">30.10.2013<\/td><td class=\"column-3\"><\/td>\n<\/tr>\n<tr class=\"row-29\">\n\t<td class=\"column-1\">Jos\u00e9 Mar\u00eda Palacios Santib\u00e1\u00f1ez <\/td><td class=\"column-2\">01.07.2015<\/td><td class=\"column-3\"><\/td>\n<\/tr>\n<tr class=\"row-30\">\n\t<td class=\"column-1\">Purificaci\u00f3n L\u00f3pez Mah\u00eda<\/td><td class=\"column-2\">24.02.2016<\/td><td class=\"column-3\"><\/td>\n<\/tr>\n<tr class=\"row-31\">\n\t<td class=\"column-1\">Alejandro Pazos Sierra<\/td><td class=\"column-2\">05.10.2016<\/td><td class=\"column-3\"><\/td>\n<\/tr>\n<tr class=\"row-32\">\n\t<td class=\"column-1\">Agostinho Franklim Pinto Marques<\/td><td class=\"column-2\">30.11.2016<\/td><td class=\"column-3\"><\/td>\n<\/tr>\n<tr class=\"row-33\">\n\t<td class=\"column-1\">Alfonso Casti\u00f1eiras Campos<\/td><td class=\"column-2\">29.06.2017<\/td><td class=\"column-3\"><\/td>\n<\/tr>\n<tr class=\"row-34\">\n\t<td class=\"column-1\">Luis Alberto Amaro Cend\u00f3n<\/td><td class=\"column-2\">29.11.2017<\/td><td class=\"column-3\"><\/td>\n<\/tr>\n<tr class=\"row-35\">\n\t<td class=\"column-1\">Mar\u00eda Jos\u00e9 Blanco Prieto<\/td><td class=\"column-2\">05.04.2018<\/td><td class=\"column-3\"><\/td>\n<\/tr>\n<tr class=\"row-36\">\n\t<td class=\"column-1\">Mar\u00eda Teresa Barral Silva<\/td><td class=\"column-2\">07.11.2018<\/td><td class=\"column-3\"><\/td>\n<\/tr>\n<tr class=\"row-37\">\n\t<td class=\"column-1\">Carlos Lema Devesa<\/td><td class=\"column-2\">07.03.2019<br \/>\n<\/td><td class=\"column-3\"><\/td>\n<\/tr>\n<tr class=\"row-38\">\n\t<td class=\"column-1\">Gregorio Varela Moreiras<\/td><td class=\"column-2\"> 27.11.2019<\/td><td class=\"column-3\"><\/td>\n<\/tr>\n<tr class=\"row-39\">\n\t<td class=\"column-1\">Regina Revilla Pedreira<\/td><td class=\"column-2\">30.06.2021<\/td><td class=\"column-3\"><\/td>\n<\/tr>\n<tr class=\"row-40\">\n\t<td class=\"column-1\">Jos\u00e9 M\u00aa Ventura Ferrero<\/td><td class=\"column-2\">22.09.2021<\/td><td class=\"column-3\"><\/td>\n<\/tr>\n<tr class=\"row-41\">\n\t<td class=\"column-1\">Cristina Asunci\u00f3n Fente Sampayo<\/td><td class=\"column-2\">30.03.2022<\/td><td class=\"column-3\"><\/td>\n<\/tr>\n<tr class=\"row-42\">\n\t<td class=\"column-1\">Carmen M\u00aa Garc\u00eda Jares<\/td><td class=\"column-2\">21.04.2022<\/td><td class=\"column-3\"><\/td>\n<\/tr>\n<tr class=\"row-43\">\n\t<td class=\"column-1\">\u00c1ngel Penas Merino<\/td><td class=\"column-2\">23.06.2022<\/td><td class=\"column-3\"><\/td>\n<\/tr>\n<tr class=\"row-44\">\n\t<td class=\"column-1\">Mar\u00eda S. Soengas Gonz\u00e1lez<\/td><td class=\"column-2\">30.06.2022<\/td><td class=\"column-3\"><\/td>\n<\/tr>\n<tr class=\"row-45\">\n\t<td class=\"column-1\">Francisco Jos\u00e9 de Baptista Veiga<\/td><td class=\"column-2\">06.07.2022<\/td><td class=\"column-3\"><\/td>\n<\/tr>\n<tr class=\"row-46\">\n\t<td class=\"column-1\">Juan Jos\u00e9 Santamar\u00eda Conde<\/td><td class=\"column-2\">23.02.2023<\/td><td class=\"column-3\"><\/td>\n<\/tr>\n<tr class=\"row-47\">\n\t<td class=\"column-1\">Xos\u00e9 R. Bustelo<\/td><td class=\"column-2\">31.10.2023<\/td><td class=\"column-3\"><\/td>\n<\/tr>\n<tr class=\"row-48\">\n\t<td class=\"column-1\">Oriol Valls Planells<\/td><td class=\"column-2\">20.11.2023<\/td><td class=\"column-3\"><\/td>\n<\/tr>\n<tr class=\"row-49\">\n\t<td class=\"column-1\">C\u00e9sar de la Fuente N\u00fa\u00f1ez<\/td><td class=\"column-2\">22.05.2024<\/td><td class=\"column-3\"><\/td>\n<\/tr>\n<tr class=\"row-50\">\n\t<td class=\"column-1\">Antonio L. Droadrio Villarejo<\/td><td class=\"column-2\">04.07.2024<\/td><td class=\"column-3\"><\/td>\n<\/tr>\n<tr class=\"row-51\">\n\t<td class=\"column-1\">Luis Paz Ares<\/td><td class=\"column-2\">15.05.2025<\/td><td class=\"column-3\"><\/td>\n<\/tr>\n<\/tbody>\n<\/table>\n<!-- #tablepress-18 from cache -->\n<\/div><\/div><\/div><\/div><\/div><\/div><\/div><\/div>","protected":false},"excerpt":{"rendered":"","protected":false},"author":4,"featured_media":0,"parent":0,"menu_order":0,"comment_status":"closed","ping_status":"closed","template":"","meta":{"footnotes":""},"class_list":["post-4610","page","type-page","status-publish"],"yoast_head":"<!-- This site is optimized with the Yoast SEO plugin v27.3 - https:\/\/yoast.com\/product\/yoast-seo-wordpress\/ -->\n<title>Hist\u00f3rico de Acad\u00e9micos Correspondientes - Real Academia de Farmacia de Galicia<\/title>\n<meta name=\"robots\" content=\"index, follow, max-snippet:-1, max-image-preview:large, max-video-preview:-1\" \/>\n<link rel=\"canonical\" href=\"https:\/\/academiadefarmaciadegalicia.gal\/es\/historico-de-academicos-correspondientes\/\" \/>\n<meta property=\"og:locale\" content=\"es_ES\" \/>\n<meta property=\"og:type\" content=\"article\" \/>\n<meta property=\"og:title\" content=\"Hist\u00f3rico de Acad\u00e9micos Correspondientes - Real Academia de Farmacia de Galicia\" \/>\n<meta property=\"og:url\" content=\"https:\/\/academiadefarmaciadegalicia.gal\/es\/historico-de-academicos-correspondientes\/\" \/>\n<meta property=\"og:site_name\" content=\"Real Academia de Farmacia de Galicia\" \/>\n<meta property=\"article:modified_time\" content=\"2020-05-02T15:22:17+00:00\" \/>\n<meta name=\"twitter:card\" content=\"summary_large_image\" \/>\n<script type=\"application\/ld+json\" class=\"yoast-schema-graph\">{\"@context\":\"https:\\\/\\\/schema.org\",\"@graph\":[{\"@type\":\"WebPage\",\"@id\":\"https:\\\/\\\/academiadefarmaciadegalicia.gal\\\/es\\\/historico-de-academicos-correspondientes\\\/\",\"url\":\"https:\\\/\\\/academiadefarmaciadegalicia.gal\\\/es\\\/historico-de-academicos-correspondientes\\\/\",\"name\":\"Hist\u00f3rico de Acad\u00e9micos Correspondientes - Real Academia de Farmacia de Galicia\",\"isPartOf\":{\"@id\":\"https:\\\/\\\/academiadefarmaciadegalicia.gal\\\/es\\\/#website\"},\"datePublished\":\"2020-05-02T15:22:15+00:00\",\"dateModified\":\"2020-05-02T15:22:17+00:00\",\"breadcrumb\":{\"@id\":\"https:\\\/\\\/academiadefarmaciadegalicia.gal\\\/es\\\/historico-de-academicos-correspondientes\\\/#breadcrumb\"},\"inLanguage\":\"es\",\"potentialAction\":[{\"@type\":\"ReadAction\",\"target\":[\"https:\\\/\\\/academiadefarmaciadegalicia.gal\\\/es\\\/historico-de-academicos-correspondientes\\\/\"]}]},{\"@type\":\"BreadcrumbList\",\"@id\":\"https:\\\/\\\/academiadefarmaciadegalicia.gal\\\/es\\\/historico-de-academicos-correspondientes\\\/#breadcrumb\",\"itemListElement\":[{\"@type\":\"ListItem\",\"position\":1,\"name\":\"Portada\",\"item\":\"https:\\\/\\\/academiadefarmaciadegalicia.gal\\\/es\\\/\"},{\"@type\":\"ListItem\",\"position\":2,\"name\":\"Hist\u00f3rico de Acad\u00e9micos Correspondientes\"}]},{\"@type\":\"WebSite\",\"@id\":\"https:\\\/\\\/academiadefarmaciadegalicia.gal\\\/es\\\/#website\",\"url\":\"https:\\\/\\\/academiadefarmaciadegalicia.gal\\\/es\\\/\",\"name\":\"Real Academia de Farmacia de Galicia\",\"description\":\"\",\"potentialAction\":[{\"@type\":\"SearchAction\",\"target\":{\"@type\":\"EntryPoint\",\"urlTemplate\":\"https:\\\/\\\/academiadefarmaciadegalicia.gal\\\/es\\\/?s={search_term_string}\"},\"query-input\":{\"@type\":\"PropertyValueSpecification\",\"valueRequired\":true,\"valueName\":\"search_term_string\"}}],\"inLanguage\":\"es\"}]}<\/script>\n<!-- \/ Yoast SEO plugin. -->","yoast_head_json":{"title":"Hist\u00f3rico de Acad\u00e9micos Correspondientes - Real Academia de Farmacia de Galicia","robots":{"index":"index","follow":"follow","max-snippet":"max-snippet:-1","max-image-preview":"max-image-preview:large","max-video-preview":"max-video-preview:-1"},"canonical":"https:\/\/academiadefarmaciadegalicia.gal\/es\/historico-de-academicos-correspondientes\/","og_locale":"es_ES","og_type":"article","og_title":"Hist\u00f3rico de Acad\u00e9micos Correspondientes - Real Academia de Farmacia de Galicia","og_url":"https:\/\/academiadefarmaciadegalicia.gal\/es\/historico-de-academicos-correspondientes\/","og_site_name":"Real Academia de Farmacia de Galicia","article_modified_time":"2020-05-02T15:22:17+00:00","twitter_card":"summary_large_image","schema":{"@context":"https:\/\/schema.org","@graph":[{"@type":"WebPage","@id":"https:\/\/academiadefarmaciadegalicia.gal\/es\/historico-de-academicos-correspondientes\/","url":"https:\/\/academiadefarmaciadegalicia.gal\/es\/historico-de-academicos-correspondientes\/","name":"Hist\u00f3rico de Acad\u00e9micos Correspondientes - Real Academia de Farmacia de Galicia","isPartOf":{"@id":"https:\/\/academiadefarmaciadegalicia.gal\/es\/#website"},"datePublished":"2020-05-02T15:22:15+00:00","dateModified":"2020-05-02T15:22:17+00:00","breadcrumb":{"@id":"https:\/\/academiadefarmaciadegalicia.gal\/es\/historico-de-academicos-correspondientes\/#breadcrumb"},"inLanguage":"es","potentialAction":[{"@type":"ReadAction","target":["https:\/\/academiadefarmaciadegalicia.gal\/es\/historico-de-academicos-correspondientes\/"]}]},{"@type":"BreadcrumbList","@id":"https:\/\/academiadefarmaciadegalicia.gal\/es\/historico-de-academicos-correspondientes\/#breadcrumb","itemListElement":[{"@type":"ListItem","position":1,"name":"Portada","item":"https:\/\/academiadefarmaciadegalicia.gal\/es\/"},{"@type":"ListItem","position":2,"name":"Hist\u00f3rico de Acad\u00e9micos Correspondientes"}]},{"@type":"WebSite","@id":"https:\/\/academiadefarmaciadegalicia.gal\/es\/#website","url":"https:\/\/academiadefarmaciadegalicia.gal\/es\/","name":"Real Academia de Farmacia de Galicia","description":"","potentialAction":[{"@type":"SearchAction","target":{"@type":"EntryPoint","urlTemplate":"https:\/\/academiadefarmaciadegalicia.gal\/es\/?s={search_term_string}"},"query-input":{"@type":"PropertyValueSpecification","valueRequired":true,"valueName":"search_term_string"}}],"inLanguage":"es"}]}},"_links":{"self":[{"href":"https:\/\/academiadefarmaciadegalicia.gal\/es\/wp-json\/wp\/v2\/pages\/4610","targetHints":{"allow":["GET"]}}],"collection":[{"href":"https:\/\/academiadefarmaciadegalicia.gal\/es\/wp-json\/wp\/v2\/pages"}],"about":[{"href":"https:\/\/academiadefarmaciadegalicia.gal\/es\/wp-json\/wp\/v2\/types\/page"}],"author":[{"embeddable":true,"href":"https:\/\/academiadefarmaciadegalicia.gal\/es\/wp-json\/wp\/v2\/users\/4"}],"replies":[{"embeddable":true,"href":"https:\/\/academiadefarmaciadegalicia.gal\/es\/wp-json\/wp\/v2\/comments?post=4610"}],"version-history":[{"count":0,"href":"https:\/\/academiadefarmaciadegalicia.gal\/es\/wp-json\/wp\/v2\/pages\/4610\/revisions"}],"wp:attachment":[{"href":"https:\/\/academiadefarmaciadegalicia.gal\/es\/wp-json\/wp\/v2\/media?parent=4610"}],"curies":[{"name":"wp","href":"https:\/\/api.w.org\/{rel}","templated":true}]}}