{"id":4898,"date":"2020-09-17T02:21:00","date_gmt":"2020-09-17T00:21:00","guid":{"rendered":"https:\/\/academiadefarmaciadegalicia.gal\/?page_id=4898"},"modified":"2020-09-17T02:37:19","modified_gmt":"2020-09-17T00:37:19","slug":"historico-de-academicos-de-numero-2","status":"publish","type":"page","link":"https:\/\/academiadefarmaciadegalicia.gal\/es\/historico-de-academicos-de-numero-2\/","title":{"rendered":"Hist\u00f3rico de Acad\u00e9micos de N\u00famero"},"content":{"rendered":"<div id=\"tdi_1\" class=\"tdc-zone\"><div class=\"tdc_zone tdi_2  wpb_row td-pb-row\"  >\n<style scoped>\n\/* custom css - generated by TagDiv Composer *\/\n\n\/* custom css - generated by TagDiv Composer *\/\n.tdi_2{\r\n                    min-height: 0;\r\n                }\n<\/style><div id=\"tdi_3\" class=\"tdc-row\"><div class=\"vc_row tdi_4  wpb_row td-pb-row\" >\n<style scoped>\n\/* custom css - generated by TagDiv Composer *\/\n\n\/* custom css - generated by TagDiv Composer *\/\n.tdi_4,\r\n                .tdi_4 .tdc-columns{\r\n                    min-height: 0;\r\n                }.tdi_4,\r\n\t\t\t\t.tdi_4 .tdc-columns{\r\n\t\t\t\t    display: block;\r\n\t\t\t\t}.tdi_4 .tdc-columns{\r\n\t\t\t\t    width: 100%;\r\n\t\t\t\t}.tdi_4:before,\r\n\t\t\t\t.tdi_4:after{\r\n\t\t\t\t    display: table;\r\n\t\t\t\t}\n<\/style><div class=\"vc_column tdi_6  wpb_column vc_column_container tdc-column td-pb-span12\">\n<style scoped>\n\/* custom css - generated by TagDiv Composer *\/\n\n\/* custom css - generated by TagDiv Composer *\/\n.tdi_6{\r\n                    vertical-align: baseline;\r\n                }.tdi_6 > .wpb_wrapper,\r\n\t\t\t\t.tdi_6 > .wpb_wrapper > .tdc-elements{\r\n\t\t\t\t    display: block;\r\n\t\t\t\t}.tdi_6 > .wpb_wrapper > .tdc-elements{\r\n\t\t\t\t    width: 100%;\r\n\t\t\t\t}.tdi_6 > .wpb_wrapper > .vc_row_inner{\r\n\t\t\t\t    width: auto;\r\n\t\t\t\t}.tdi_6 > .wpb_wrapper{\r\n\t\t\t\t    width: auto;\r\n\t\t\t\t    height: auto;\r\n\t\t\t\t}\n<\/style><div class=\"wpb_wrapper\" ><div class=\"td_block_wrap td_block_text_with_title tdi_7 tagdiv-type td-pb-border-top td_block_template_18\"  data-td-block-uid=\"tdi_7\" >\n<style>\n.td_block_template_18 {\r\n                padding-top: 20px;\r\n            }\r\n            .td_block_template_18.td_block_mega_menu {\r\n                padding-top: 0;\r\n            }\r\n            .td_block_template_18 .td-block-title {\r\n                font-family: var(--td_default_google_font_1, 'Open Sans', 'Open Sans Regular', sans-serif);\r\n                font-size: 55px;\r\n                font-weight: bold;\r\n                letter-spacing: -4px;\r\n                line-height: 1;\r\n                text-align: center;\r\n                overflow: hidden;\r\n                margin-bottom: 25px;\r\n                text-transform: lowercase;\r\n                margin-top: 0;\r\n            }\r\n            @media (min-width: 768px) and (max-width: 1018px) {\r\n                .td_block_template_18 .td-block-title {\r\n                    font-size: 35px;\r\n                    margin-bottom: 18px;\r\n                }\r\n            }\r\n            @media (max-width: 767px) {\r\n                .td_block_template_18 .td-block-title {\r\n                    font-size: 45px;\r\n                    margin-bottom: 18px;\r\n                }\r\n            }\r\n            .td_block_template_18 .td-block-title > span,\r\n            .td_block_template_18 .td-block-title > a {\r\n                padding: 0 20px 10px;\r\n                display: inline-block;\r\n                background: #06d3d5;\r\n                background: -webkit-linear-gradient(-68deg, #06d3d5 30%,#2a81cb 80%);\r\n                background: linear-gradient(156deg, #06d3d5 30%,#2a81cb 80%);\r\n                color: #fff;\r\n                -webkit-background-clip: text !important;\r\n                -webkit-text-fill-color: transparent;\r\n            }\r\n            @media (min-width: 768px) and (max-width: 1018px) {\r\n                .td_block_template_18 .td-block-title > span,\r\n                .td_block_template_18 .td-block-title > a {\r\n                    padding: 0 20px 4px;\r\n                }\r\n            }\r\n            @media (max-width: 767px) {\r\n                .td_block_template_18 .td-block-title > span,\r\n                .td_block_template_18 .td-block-title > a {\r\n                    padding: 2px 10px;\r\n                }\r\n            }\r\n            .td_block_template_18 .td-block-title-wrap .td-block-title .td-block-speech-bubble {\r\n                font-family: var(--td_default_google_font_1, 'Open Sans', 'Open Sans Regular', sans-serif) !important;\r\n                font-size: 12px !important;\r\n                font-weight: 600;\r\n                line-height: 1;\r\n                letter-spacing: -0.6px !important;\r\n                padding: 4px 8px;\r\n                background-color: #2a81cb;\r\n                color: #fff;\r\n                -webkit-text-fill-color: #fff;\r\n                position: absolute;\r\n                border-radius: 3px 3px 3px 0;\r\n                margin-left: 6px;\r\n                top: -4px;\r\n                text-transform: uppercase;\r\n            }\r\n            @media (min-width: 768px) and (max-width: 1018px) {\r\n                .td_block_template_18 .td-block-title .td-block-speech-bubble {\r\n                    font-size: 10px;\r\n                    padding: 3px 6px;\r\n                    border-radius: 2px 2px 2px 0;\r\n                    top: 0;\r\n                }\r\n            }\r\n            @media (max-width: 767px) {\r\n                .td_block_template_18 .td-block-title .td-block-speech-bubble {\r\n                    font-size: 10px;\r\n                    padding: 3px 6px;\r\n                    border-radius: 2px 2px 2px 0;\r\n                    top: 0;\r\n                }\r\n            }\r\n            .td_block_template_18 .td-block-title .td-block-speech-bubble:before {\r\n                content: '';\r\n                position: absolute;\r\n                top: 100%;\r\n                left: 0;\r\n                width: 0;\r\n                height: 0;\r\n                border-style: solid;\r\n                border-width: 6px 6px 0 0;\r\n                border-color: #2a81cb transparent transparent transparent;\r\n            }\r\n            .td_block_template_18 .td-block-title .td-block-subtitle {\r\n                display: table;\r\n                font-family: var(--td_default_google_font_1, 'Open Sans', 'Open Sans Regular', sans-serif);\r\n                font-size: 15px;\r\n                line-height: 1;\r\n                font-style: italic;\r\n                font-weight: normal;\r\n                letter-spacing: normal;\r\n                color: #808080;\r\n                position: relative;\r\n                margin: 2px auto;\r\n                text-transform: none;\r\n                max-width: 80%;\r\n            }\r\n            @media (max-width: 767px) {\r\n                .td_block_template_18 .td-block-title .td-block-subtitle {\r\n                    font-size: 13px;\r\n                }\r\n            }\r\n            .td_block_template_18 .td-block-title .td-block-subtitle:before,\r\n            .td_block_template_18 .td-block-title .td-block-subtitle:after {\r\n                content: '';\r\n                position: absolute;\r\n                height: 1px;\r\n                width: 1500px;\r\n                top: 3px;\r\n                bottom: 0;\r\n                background-color: #e3e3e3;\r\n            }\r\n            .td_block_template_18 .td-block-title .td-block-subtitle:before {\r\n                left: 100%;\r\n                margin: auto 0 auto 20px;\r\n            }\r\n            @media (min-width: 768px) and (max-width: 1018px) {\r\n                .td_block_template_18 .td-block-title .td-block-subtitle:before {\r\n                    margin: auto 0 auto 15px;\r\n                }\r\n            }\r\n            @media (max-width: 767px) {\r\n                .td_block_template_18 .td-block-title .td-block-subtitle:before {\r\n                    margin: auto 0 auto 10px;\r\n                }\r\n            }\r\n            .td_block_template_18 .td-block-title .td-block-subtitle:after {\r\n                right: 100%;\r\n                margin: auto 20px auto 0;\r\n            }\r\n            @media (min-width: 768px) and (max-width: 1018px) {\r\n                .td_block_template_18 .td-block-title .td-block-subtitle:after {\r\n                    margin: auto 15px auto 0;\r\n                }\r\n            }\r\n            @media (max-width: 767px) {\r\n                .td_block_template_18 .td-block-title .td-block-subtitle:after {\r\n                    margin: auto 10px auto 0;\r\n                }\r\n            }\r\n            .td_block_template_18 .td-pulldown-filter-display-option:before {\r\n                display: none;\r\n            }\r\n            \r\n            \r\n        \r\n            \r\n            .tdi_7 .td-block-title > span,\r\n            .tdi_7 .td-block-title > a {\r\n                background: #06d3d5 !important;\r\n                background: -moz-linear-gradient(-68deg, #55c4b4 30%, #008e88 80%) !important;\r\n                background: -webkit-linear-gradient(-68deg, #55c4b4 30%,#008e88 80%) !important;\r\n                background: linear-gradient(156deg, #55c4b4 30%,#008e88 80%) !important;\r\n                -webkit-background-clip: text !important;\r\n                -webkit-text-fill-color: transparent;\r\n            }\r\n            \r\n            \r\n            \r\n            .tdi_7 .td-block-speech-bubble {\r\n                background-color: #008e88 !important;\r\n            }\r\n            .tdi_7 .td-block-speech-bubble:before {\r\n                border-color: #008e88 transparent transparent transparent !important;\r\n            }\n<\/style>\n<style>\n\/* custom css - generated by TagDiv Composer *\/\n.td_block_text_with_title{\r\n                  margin-bottom: 44px;\r\n                  -webkit-transform: translateZ(0);\r\n                  transform: translateZ(0);\r\n                }.td_block_text_with_title p:last-child{\r\n                  margin-bottom: 0;\r\n                }.tdi_7,\r\n                .tdi_7 p{\r\n\t\t\t        text-transform:none !important;\r\n\t\t        }.tdi_7 h1{\r\n\t\t\t        text-transform:none !important;\r\n\t\t        }.tdi_7 h2{\r\n\t\t\t        text-transform:none !important;\r\n\t\t        }.tdi_7 h3{\r\n\t\t\t        text-transform:none !important;\r\n\t\t        }.tdi_7 h4{\r\n\t\t\t        text-transform:none !important;\r\n\t\t        }\n<\/style><div class=\"td-block-title-wrap\"><h4 class=\"td-block-title\"><span>Hist\u00f3rico de Acad\u00e9micos de N\u00famero<\/span><\/h4><\/div><div class=\"td_mod_wrap td-fix-index\">\n<table id=\"tablepress-23\" class=\"tablepress tablepress-id-23 tablepress-responsive\">\n<thead>\n<tr class=\"row-1\">\n\t<th class=\"column-1\">Acad\u00e9mico<\/th><th class=\"column-2\">Fecha Ingreso<\/th>\n<\/tr>\n<\/thead>\n<tbody class=\"row-striping row-hover\">\n<tr class=\"row-2\">\n\t<td class=\"column-1\">Benito Regueiro Varela<\/td><td class=\"column-2\">29.06.1998<\/td>\n<\/tr>\n<tr class=\"row-3\">\n\t<td class=\"column-1\">Jes\u00fas Izco Sevillano<\/td><td class=\"column-2\">15.06.1999<\/td>\n<\/tr>\n<tr class=\"row-4\">\n\t<td class=\"column-1\">Jos\u00e9 Maria Calleja Su\u00e1rez<\/td><td class=\"column-2\">16.12.1999<\/td>\n<\/tr>\n<tr class=\"row-5\">\n\t<td class=\"column-1\">Jos\u00e9 Luis Vila Jato<\/td><td class=\"column-2\">20.04.2000<\/td>\n<\/tr>\n<tr class=\"row-6\">\n\t<td class=\"column-1\">Francisco D\u00edaz-Fierros Viqueira<\/td><td class=\"column-2\">22.11.2000<\/td>\n<\/tr>\n<tr class=\"row-7\">\n\t<td class=\"column-1\">Enrique Ravi\u00f1a Rubira<\/td><td class=\"column-2\">13.06.2001<\/td>\n<\/tr>\n<tr class=\"row-8\">\n\t<td class=\"column-1\">Jos\u00e9 Mi\u00f1ones Trillo<\/td><td class=\"column-2\">11.03.2002<\/td>\n<\/tr>\n<tr class=\"row-9\">\n\t<td class=\"column-1\">Isaac Gabriel Arias Santos<\/td><td class=\"column-2\">01.03.2003<\/td>\n<\/tr>\n<tr class=\"row-10\">\n\t<td class=\"column-1\">Juan Gestal Otero<\/td><td class=\"column-2\">12.06.2003<\/td>\n<\/tr>\n<tr class=\"row-11\">\n\t<td class=\"column-1\">Manuel Puga  Pereira<\/td><td class=\"column-2\">26.02.2004<\/td>\n<\/tr>\n<tr class=\"row-12\">\n\t<td class=\"column-1\">M\u00aa Tarsy Carballas Fern\u00e1ndez<\/td><td class=\"column-2\">27.05.2004<\/td>\n<\/tr>\n<tr class=\"row-13\">\n\t<td class=\"column-1\">Nicanor Floro Andr\u00e9s Rodr\u00edguez<\/td><td class=\"column-2\"> 27.09.2006<\/td>\n<\/tr>\n<tr class=\"row-14\">\n\t<td class=\"column-1\">Ram\u00f3n Mart\u00ednez Pacheco<\/td><td class=\"column-2\">18.10.2006<\/td>\n<\/tr>\n<tr class=\"row-15\">\n\t<td class=\"column-1\">Jes\u00fas \u00c1ngel Simal Lozano<\/td><td class=\"column-2\">17.01.2007<\/td>\n<\/tr>\n<tr class=\"row-16\">\n\t<td class=\"column-1\">Angel Concheiro Nine                  <\/td><td class=\"column-2\">11.12.2007     <\/td>\n<\/tr>\n<tr class=\"row-17\">\n\t<td class=\"column-1\">M\u00aa  Isabel Cadavid Torres<\/td><td class=\"column-2\">20.02.2008   <\/td>\n<\/tr>\n<tr class=\"row-18\">\n\t<td class=\"column-1\">M\u00aa Jos\u00e9 Alonso Fern\u00e1ndez<\/td><td class=\"column-2\">28.04.2010          <\/td>\n<\/tr>\n<tr class=\"row-19\">\n\t<td class=\"column-1\">Franco Fern\u00e1ndez Gonz\u00e1lez<\/td><td class=\"column-2\">30.09.2009         <\/td>\n<\/tr>\n<tr class=\"row-20\">\n\t<td class=\"column-1\">Tom\u00e1s Gonz\u00e1lez Villa<\/td><td class=\"column-2\">22.09.2010         <\/td>\n<\/tr>\n<tr class=\"row-21\">\n\t<td class=\"column-1\">Alberto Cepeda S\u00e1ez<\/td><td class=\"column-2\">24.11.2010     <\/td>\n<\/tr>\n<tr class=\"row-22\">\n\t<td class=\"column-1\">M\u00aa Cristina Arias Fern\u00e1ndez<\/td><td class=\"column-2\">30.03.2011         <\/td>\n<\/tr>\n<tr class=\"row-23\">\n\t<td class=\"column-1\">Pablo D\u00edez Ba\u00f1os<\/td><td class=\"column-2\">22.06.2011        <\/td>\n<\/tr>\n<tr class=\"row-24\">\n\t<td class=\"column-1\">Mar\u00eda Isabel Loza Garc\u00eda<\/td><td class=\"column-2\">10.04.2013       <\/td>\n<\/tr>\n<tr class=\"row-25\">\n\t<td class=\"column-1\">Soledad Muniategui Lorenzo<\/td><td class=\"column-2\">20.03.2013        <\/td>\n<\/tr>\n<tr class=\"row-26\">\n\t<td class=\"column-1\">\u00c1ngel Carracedo \u00c1lvarez<\/td><td class=\"column-2\">16.10.2013        <\/td>\n<\/tr>\n<tr class=\"row-27\">\n\t<td class=\"column-1\">Carmen \u00c1lvarez Lorenzo<\/td><td class=\"column-2\">30.09.2015      <\/td>\n<\/tr>\n<tr class=\"row-28\">\n\t<td class=\"column-1\">Jorge Barros Vel\u00e1zquez<\/td><td class=\"column-2\">13.04.2016<\/td>\n<\/tr>\n<tr class=\"row-29\">\n\t<td class=\"column-1\">Alicia Est\u00e9vez Toranzo<\/td><td class=\"column-2\">13.12.2017<\/td>\n<\/tr>\n<tr class=\"row-30\">\n\t<td class=\"column-1\">Germ\u00e1n Bou Ar\u00e9valo<\/td><td class=\"column-2\">19.12.2018<\/td>\n<\/tr>\n<tr class=\"row-31\">\n\t<td class=\"column-1\">Jes\u00fas Simal G\u00e1ndara<\/td><td class=\"column-2\">28.04.2021<\/td>\n<\/tr>\n<tr class=\"row-32\">\n\t<td class=\"column-1\">Jos\u00e9 Castillo S\u00e1nchez<\/td><td class=\"column-2\">24.11.2021<\/td>\n<\/tr>\n<tr class=\"row-33\">\n\t<td class=\"column-1\">Mar\u00eda \u00c1frica Gonz\u00e1lez Fern\u00e1ndez<\/td><td class=\"column-2\">11.04.2023<\/td>\n<\/tr>\n<tr class=\"row-34\">\n\t<td class=\"column-1\">Jos\u00e9 Luis Mascare\u00f1as Cid<\/td><td class=\"column-2\">03.07.2023<\/td>\n<\/tr>\n<tr class=\"row-35\">\n\t<td class=\"column-1\">Mar\u00eda Eugenia Puentes Colorado<\/td><td class=\"column-2\">02.04.2025<\/td>\n<\/tr>\n<\/tbody>\n<\/table>\n<!-- #tablepress-23 from cache -->\n<\/div><\/div><\/div><\/div><\/div><\/div><\/div><\/div>","protected":false},"excerpt":{"rendered":"","protected":false},"author":4,"featured_media":0,"parent":0,"menu_order":0,"comment_status":"closed","ping_status":"closed","template":"","meta":{"footnotes":""},"class_list":["post-4898","page","type-page","status-publish"],"yoast_head":"<!-- This site is optimized with the Yoast SEO plugin v27.4 - https:\/\/yoast.com\/product\/yoast-seo-wordpress\/ -->\n<title>Hist\u00f3rico de Acad\u00e9micos de N\u00famero - Real Academia de Farmacia de Galicia<\/title>\n<meta name=\"robots\" content=\"index, follow, max-snippet:-1, max-image-preview:large, max-video-preview:-1\" \/>\n<link rel=\"canonical\" href=\"https:\/\/academiadefarmaciadegalicia.gal\/es\/historico-de-academicos-de-numero-2\/\" \/>\n<meta property=\"og:locale\" content=\"es_ES\" \/>\n<meta property=\"og:type\" content=\"article\" \/>\n<meta property=\"og:title\" content=\"Hist\u00f3rico de Acad\u00e9micos de N\u00famero - Real Academia de Farmacia de Galicia\" \/>\n<meta property=\"og:url\" content=\"https:\/\/academiadefarmaciadegalicia.gal\/es\/historico-de-academicos-de-numero-2\/\" \/>\n<meta property=\"og:site_name\" content=\"Real Academia de Farmacia de Galicia\" \/>\n<meta property=\"article:modified_time\" content=\"2020-09-17T00:37:19+00:00\" \/>\n<meta name=\"twitter:card\" content=\"summary_large_image\" \/>\n<script type=\"application\/ld+json\" class=\"yoast-schema-graph\">{\"@context\":\"https:\\\/\\\/schema.org\",\"@graph\":[{\"@type\":\"WebPage\",\"@id\":\"https:\\\/\\\/academiadefarmaciadegalicia.gal\\\/es\\\/historico-de-academicos-de-numero-2\\\/\",\"url\":\"https:\\\/\\\/academiadefarmaciadegalicia.gal\\\/es\\\/historico-de-academicos-de-numero-2\\\/\",\"name\":\"Hist\u00f3rico de Acad\u00e9micos de N\u00famero - Real Academia de Farmacia de Galicia\",\"isPartOf\":{\"@id\":\"https:\\\/\\\/academiadefarmaciadegalicia.gal\\\/es\\\/#website\"},\"datePublished\":\"2020-09-17T00:21:00+00:00\",\"dateModified\":\"2020-09-17T00:37:19+00:00\",\"breadcrumb\":{\"@id\":\"https:\\\/\\\/academiadefarmaciadegalicia.gal\\\/es\\\/historico-de-academicos-de-numero-2\\\/#breadcrumb\"},\"inLanguage\":\"es\",\"potentialAction\":[{\"@type\":\"ReadAction\",\"target\":[\"https:\\\/\\\/academiadefarmaciadegalicia.gal\\\/es\\\/historico-de-academicos-de-numero-2\\\/\"]}]},{\"@type\":\"BreadcrumbList\",\"@id\":\"https:\\\/\\\/academiadefarmaciadegalicia.gal\\\/es\\\/historico-de-academicos-de-numero-2\\\/#breadcrumb\",\"itemListElement\":[{\"@type\":\"ListItem\",\"position\":1,\"name\":\"Portada\",\"item\":\"https:\\\/\\\/academiadefarmaciadegalicia.gal\\\/es\\\/\"},{\"@type\":\"ListItem\",\"position\":2,\"name\":\"Hist\u00f3rico de Acad\u00e9micos de N\u00famero\"}]},{\"@type\":\"WebSite\",\"@id\":\"https:\\\/\\\/academiadefarmaciadegalicia.gal\\\/es\\\/#website\",\"url\":\"https:\\\/\\\/academiadefarmaciadegalicia.gal\\\/es\\\/\",\"name\":\"Real Academia de Farmacia de Galicia\",\"description\":\"\",\"potentialAction\":[{\"@type\":\"SearchAction\",\"target\":{\"@type\":\"EntryPoint\",\"urlTemplate\":\"https:\\\/\\\/academiadefarmaciadegalicia.gal\\\/es\\\/?s={search_term_string}\"},\"query-input\":{\"@type\":\"PropertyValueSpecification\",\"valueRequired\":true,\"valueName\":\"search_term_string\"}}],\"inLanguage\":\"es\"}]}<\/script>\n<!-- \/ Yoast SEO plugin. -->","yoast_head_json":{"title":"Hist\u00f3rico de Acad\u00e9micos de N\u00famero - Real Academia de Farmacia de Galicia","robots":{"index":"index","follow":"follow","max-snippet":"max-snippet:-1","max-image-preview":"max-image-preview:large","max-video-preview":"max-video-preview:-1"},"canonical":"https:\/\/academiadefarmaciadegalicia.gal\/es\/historico-de-academicos-de-numero-2\/","og_locale":"es_ES","og_type":"article","og_title":"Hist\u00f3rico de Acad\u00e9micos de N\u00famero - Real Academia de Farmacia de Galicia","og_url":"https:\/\/academiadefarmaciadegalicia.gal\/es\/historico-de-academicos-de-numero-2\/","og_site_name":"Real Academia de Farmacia de Galicia","article_modified_time":"2020-09-17T00:37:19+00:00","twitter_card":"summary_large_image","schema":{"@context":"https:\/\/schema.org","@graph":[{"@type":"WebPage","@id":"https:\/\/academiadefarmaciadegalicia.gal\/es\/historico-de-academicos-de-numero-2\/","url":"https:\/\/academiadefarmaciadegalicia.gal\/es\/historico-de-academicos-de-numero-2\/","name":"Hist\u00f3rico de Acad\u00e9micos de N\u00famero - Real Academia de Farmacia de Galicia","isPartOf":{"@id":"https:\/\/academiadefarmaciadegalicia.gal\/es\/#website"},"datePublished":"2020-09-17T00:21:00+00:00","dateModified":"2020-09-17T00:37:19+00:00","breadcrumb":{"@id":"https:\/\/academiadefarmaciadegalicia.gal\/es\/historico-de-academicos-de-numero-2\/#breadcrumb"},"inLanguage":"es","potentialAction":[{"@type":"ReadAction","target":["https:\/\/academiadefarmaciadegalicia.gal\/es\/historico-de-academicos-de-numero-2\/"]}]},{"@type":"BreadcrumbList","@id":"https:\/\/academiadefarmaciadegalicia.gal\/es\/historico-de-academicos-de-numero-2\/#breadcrumb","itemListElement":[{"@type":"ListItem","position":1,"name":"Portada","item":"https:\/\/academiadefarmaciadegalicia.gal\/es\/"},{"@type":"ListItem","position":2,"name":"Hist\u00f3rico de Acad\u00e9micos de N\u00famero"}]},{"@type":"WebSite","@id":"https:\/\/academiadefarmaciadegalicia.gal\/es\/#website","url":"https:\/\/academiadefarmaciadegalicia.gal\/es\/","name":"Real Academia de Farmacia de Galicia","description":"","potentialAction":[{"@type":"SearchAction","target":{"@type":"EntryPoint","urlTemplate":"https:\/\/academiadefarmaciadegalicia.gal\/es\/?s={search_term_string}"},"query-input":{"@type":"PropertyValueSpecification","valueRequired":true,"valueName":"search_term_string"}}],"inLanguage":"es"}]}},"_links":{"self":[{"href":"https:\/\/academiadefarmaciadegalicia.gal\/es\/wp-json\/wp\/v2\/pages\/4898","targetHints":{"allow":["GET"]}}],"collection":[{"href":"https:\/\/academiadefarmaciadegalicia.gal\/es\/wp-json\/wp\/v2\/pages"}],"about":[{"href":"https:\/\/academiadefarmaciadegalicia.gal\/es\/wp-json\/wp\/v2\/types\/page"}],"author":[{"embeddable":true,"href":"https:\/\/academiadefarmaciadegalicia.gal\/es\/wp-json\/wp\/v2\/users\/4"}],"replies":[{"embeddable":true,"href":"https:\/\/academiadefarmaciadegalicia.gal\/es\/wp-json\/wp\/v2\/comments?post=4898"}],"version-history":[{"count":2,"href":"https:\/\/academiadefarmaciadegalicia.gal\/es\/wp-json\/wp\/v2\/pages\/4898\/revisions"}],"predecessor-version":[{"id":4906,"href":"https:\/\/academiadefarmaciadegalicia.gal\/es\/wp-json\/wp\/v2\/pages\/4898\/revisions\/4906"}],"wp:attachment":[{"href":"https:\/\/academiadefarmaciadegalicia.gal\/es\/wp-json\/wp\/v2\/media?parent=4898"}],"curies":[{"name":"wp","href":"https:\/\/api.w.org\/{rel}","templated":true}]}}